{"id":2546,"date":"2025-03-06T17:22:38","date_gmt":"2025-03-06T17:22:38","guid":{"rendered":"https:\/\/www.layoutcriativo.pt\/Projetos\/jardimdarua\/?page_id=2546"},"modified":"2026-03-16T12:18:44","modified_gmt":"2026-03-16T12:18:44","slug":"cookies","status":"publish","type":"page","link":"https:\/\/www.layoutcriativo.pt\/Projetos\/jardimdarua\/cookies\/","title":{"rendered":"Cookies"},"content":{"rendered":"\t\t<div data-elementor-type=\"wp-page\" data-elementor-id=\"2546\" class=\"elementor elementor-2546\">\n\t\t\t\t<div class=\"elementor-element elementor-element-58857d5a e-flex e-con-boxed e-con e-parent\" data-id=\"58857d5a\" data-element_type=\"container\" data-e-type=\"container\">\n\t\t\t\t\t<div class=\"e-con-inner\">\n\t\t\t\t<div class=\"elementor-element elementor-element-5b5de130 elementor-widget elementor-widget-text-editor\" data-id=\"5b5de130\" data-element_type=\"widget\" data-e-type=\"widget\" data-widget_type=\"text-editor.default\">\n\t\t\t\t<div class=\"elementor-widget-container\">\n\t\t\t\t\t\t\t\t\t<p><strong>1. O que \u00e9 um cookie?<\/strong><br \/>Os cookies s\u00e3o pequenos ficheiros de texto\u00a0 guardados no seu computador aquando da visita a um website. Estes ficheiros s\u00e3o amplamente utilizados para que o website funcione de forma correta e eficiente, bem como para fornecer informa\u00e7\u00f5es aos propriet\u00e1rios do website.<\/p><p>Existem duas grandes categorias de cookies:<\/p><p>\u2022 Cookies pr\u00f3prios, utilizados diretamente por n\u00f3s no seu dispositivo.<br \/>\u2022 Cookies de terceiros, utilizados por partes terceiras, por interm\u00e9dio da <a href=\"https:\/\/www.layoutcriativo.pt\/Projetos\/jardimdarua\/\">Jardim da Rua<\/a>.<\/p><p><strong>2. Como s\u00e3o utilizados os cookies?<\/strong><br \/>Os visitantes deste website utilizam diferentes computadores e navegadores (browsers) Web. Para tornar as suas visitas o mais simples poss\u00edvel, \u00e9 guardado automaticamente um registo do tipo de browser (por exemplo, Microsoft Edge, Google Chrome, Mozilla Firefox) e do sistema operativo (por exemplo, Windows, Macintosh) utilizados e o nome do dom\u00ednio do seu fornecedor de servi\u00e7os Internet.<\/p><p><strong>3. Porque utilizamos cookies?<\/strong><br \/>Durante uma visita \u00e0s nossas p\u00e1ginas Web, poder\u00e3o ser colocados ficheiros denominados \u201cCookies\u201d no computador do utilizador.<\/p><p>A utiliza\u00e7\u00e3o de cookies visa melhorar o desempenho dos nossos Websites e maximizar a sua experi\u00eancia ao navegar nos mesmos, nomeadamente permitindo uma navega\u00e7\u00e3o mais r\u00e1pida e eficiente, eliminando a necessidade de introduzir repetidamente as mesmas informa\u00e7\u00f5es.<\/p><p><strong>4. Gest\u00e3o de Cookies<\/strong><br \/>Todos os browsers permitem ao respetivo utilizador aceitar, recusar ou apagar cookies, nomeadamente atrav\u00e9s da sele\u00e7\u00e3o das defini\u00e7\u00f5es apropriadas no respetivo navegador.<br \/>Tenha em aten\u00e7\u00e3o, no entanto, que a desativa\u00e7\u00e3o dos cookies pode afetar, parcial ou totalmente, a sua experi\u00eancia de navega\u00e7\u00e3o nos Websites.<\/p><p>Pode configurar os cookies no menu \u201cop\u00e7\u00f5es\u201d ou \u201cprefer\u00eancias\u201d do seu browser.<\/p><p>Para saber mais sobre cookies, visite <a role=\"link\" href=\"https:\/\/allaboutcookies.org\/\" target=\"_blank\" rel=\"noopener\">www.allaboutcookies.org<\/a>\u00a0onde poder\u00e1 encontrar informa\u00e7\u00f5es sobre como gerir as suas configura\u00e7\u00f5es para os v\u00e1rios fornecedores de navegadores.<\/p><p>4.1. <strong>Servi\u00e7os web externos<\/strong>: por vezes utilizamos servi\u00e7os web externos para exibir conte\u00fados dentro das nossas p\u00e1ginas. Esta medida ajuda-nos a compreender e a direcionar campanhas publicit\u00e1rias mais relevantes no futuro. Por exemplo, para mostrar imagens ou v\u00eddeos ou para realizar inqu\u00e9ritos. \u00c0 semelhan\u00e7a dos bot\u00f5es destinados a redes sociais, n\u00e3o podemos evitar que haja recolha de informa\u00e7\u00e3o por parte destes websites ou dom\u00ednios externos. Caso necessite de mais informa\u00e7\u00f5es sobre os nossos fornecedores ou sobre a forma como estes cookies funcionam, contacte-nos atrav\u00e9s do nosso email <strong><a href=\"mailto:geral@jardimdarua.pt\">geral@jardimdarua.pt<\/a><\/strong><br \/>Para obter mais informa\u00e7\u00f5es sobre cookies e sua respetiva utiliza\u00e7\u00e3o, sugerimos que consulte os seguintes links:\u00a0<a role=\"link\" href=\"https:\/\/allaboutcookies.org\/\" target=\"_blank\" rel=\"noopener\">www.allaboutcookies.org<\/a><\/p><p><strong>5. Tipologia de Cookies existentes nos nossos sites<\/strong><\/p><p>Este site utiliza cookies que executam 11 fun\u00e7\u00f5es, conforme mencionado abaixo:<\/p><p>\u2022 <strong>Cookies Estritamente Necess\u00e1rios:<\/strong>\u00a0essenciais para o funcionamento do website.<\/p><p>\u2022 <strong>Cookies Anal\u00edticos<\/strong>: Utilizados anonimamente para efeitos de monitorizar e analise de estat\u00edsticas, sem nunca recolher informa\u00e7\u00f5es de carater pessoal;<\/p><p>\u2022 <strong>Cookies de Funcionalidade<\/strong>: Permitem melhorar a experi\u00eancia do utilizador (por exemplo, recordando-o de todas as configura\u00e7\u00f5es que definiu anteriormente).<\/p><p>O quadro seguinte fornece uma explica\u00e7\u00e3o dos Cookies utilizadas no website do <strong>Jardim da Rua<\/strong> e respetiva finalidade:<\/p><table border=\"1\"><caption>.<\/caption><tbody><tr><th><strong>Fornecedor<\/strong><\/th><th><strong>Nome<\/strong><\/th><th><strong>Funcionalidade<\/strong><\/th><th><strong>Tipo<\/strong><\/th><th><strong>Dura\u00e7\u00e3o<\/strong><\/th><\/tr><tr><td><p>CookieYes<\/p><p>(Plugin WordPress)<\/p><\/td><td>cookielawinfo-checkbox-analytics<\/td><td>O cookie \u00e9 usado para armazenar o consentimento do usu\u00e1rio para os cookies na categoria \u201cAnalytics\u201d.<\/td><td>Necess\u00e1rio<\/td><td>11 meses<\/td><\/tr><tr><td><p>CookieYes<\/p><p class=\"Standard\" align=\"center\">(Plugin WordPress)<\/p><\/td><td>cookielawinfo-checkbox-functional<\/td><td>O cookie \u00e9 definido pelo consentimento do cookie RGPD para registar o consentimento do usu\u00e1rio para os cookies na categoria \u201cFuncional\u201d.<\/td><td>Necess\u00e1rio<\/td><td>11 meses<\/td><\/tr><tr><td><p>CookieYes<\/p><p>(Plugin WordPress)<\/p><\/td><td>cookielawinfo-checkbox-necessary<\/td><td>Os cookies s\u00e3o usados para armazenar o consentimento do usu\u00e1rio para os cookies na categoria \u201cNecess\u00e1rio\u201d.<\/td><td>Necess\u00e1rio<\/td><td>11 meses<\/td><\/tr><tr><td><p>CookieYes<\/p><p>(Plugin WordPress)<\/p><\/td><td>viewed_cookie_policy<\/td><td>O cookie \u00e9 usado para armazenar se o utilizador consentiu ou n\u00e3o com o uso de cookies. Ele n\u00e3o armazena nenhum dado pessoal.<\/td><td>Necess\u00e1rio<\/td><td>11 meses<\/td><\/tr><tr><td><p>qtranslate-xt<\/p><p>(Plugin WordPress)<\/p><\/td><td>qtrans_admin_language<\/td><td>Usada para guardar a linguagem selecionada por utilizador logado.<\/td><td>Funcionalidade<\/td><td>12 meses<\/td><\/tr><tr><td><p>qtranslate-xt<\/p><p>(Plugin WordPress)<\/p><\/td><td>qtrans_front_language<\/td><td>Usada para guardar a linguagem selecionada pelo utilizador.<\/td><td>Funcionalidade<\/td><td>12 meses<\/td><\/tr><tr><td>WordPress<\/td><td>wp-settings-1<\/td><td>Usado para guardar configura\u00e7\u00f5es para utilizadores logados.<\/td><td>Funcionalidade<\/td><td>12 meses<\/td><\/tr><tr><td><p>CookieYes<\/p><p>(Plugin WordPress)<\/p><\/td><td>viewed_cookie_policy<\/td><td>O cookie \u00e9 usado para armazenar se o utilizador consentiu ou n\u00e3o com o uso de cookies. Ele n\u00e3o armazena nenhum dado pessoal.<\/td><td>Funcionalidade<\/td><td>11 meses<\/td><\/tr><tr><td>Google Analytics<\/td><td>__utma<\/td><td>Usado para distinguir usu\u00e1rios e sess\u00f5es. O cookie \u00e9 criado quando a biblioteca JavaScript \u00e9 executada e n\u00e3o h\u00e1 cookies __utma. \u00c9 atualizado sempre que os dados s\u00e3o enviados ao Google Analytics.<\/td><td>Anal\u00edticos<\/td><td>12 meses<\/td><\/tr><tr><td>Google Analytics<\/td><td>_ga<\/td><td>Usado para distinguir utilizadores pelo Google Analytics.<\/td><td>Anal\u00edticos<\/td><td>12 meses<\/td><\/tr><tr><td><p>CookieYes<\/p><p>(Plugin WordPress)<\/p><\/td><td>cookielawinfo-checkbox-analytics<\/td><td>O cookie \u00e9 usado para armazenar o consentimento do usu\u00e1rio para os cookies na categoria \u201cAnalytics\u201d.<\/td><td>Anal\u00edticos<\/td><td>11 meses<\/td><\/tr><\/tbody><\/table><p><strong>O uso de cookies pode ser bloqueado?<\/strong><br \/>Sim. Se n\u00e3o quiser que o website armazene cookies, a qualquer momento pode, atrav\u00e9s do seu navegador de internet (browser), recusar ou apagar os mesmos.<br \/>Tenha em aten\u00e7\u00e3o que a recusa de utiliza\u00e7\u00e3o de cookies do website poder\u00e1 afetar, parcial ou totalmente, a sua navega\u00e7\u00e3o.<\/p><p>Para mais informa\u00e7\u00f5es sobre cookies e sobre como impedir que estes sejam instalados ou como apagar os existentes nos seus dispositivos, o utilizador poder\u00e1 visitar o seguinte website: <a role=\"link\" href=\"https:\/\/allaboutcookies.org\/\" target=\"_blank\" rel=\"noopener\">http:\/\/www.allaboutcookies.org<\/a>.<br \/>Pode encontrar a informa\u00e7\u00e3o acerca do controlo de cookies de acordo com o seu navegador de internet nos seguintes endere\u00e7os:<br \/>Microsoft Edge <a role=\"link\" href=\"https:\/\/support.microsoft.com\/en-us\/microsoft-edge\/delete-cookies-in-microsoft-edge-63947406-40ac-c3b8-57b9-2a946a29ae09\" target=\"_blank\" rel=\"noopener\">https:\/\/support.microsoft.com\/en-us\/microsoft-edge\/delete-cookies-in-microsoft-edge-63947406-40ac-c3b8-57b9-2a946a29ae09<\/a><br \/>Chrome <a role=\"link\" href=\"https:\/\/support.google.com\/chrome\/answer\/95647?hl=en&amp;co=GENIE.Platform%3DDesktop\" target=\"_blank\" rel=\"noopener\">https:\/\/support.google.com\/chrome\/answer\/95647?hl=en&amp;co=GENIE.Platform%3DDesktop<\/a><br \/>Firefox <a role=\"link\" href=\"http:\/\/support.mozilla.org\/en-US\/kb\/Clear%20Recent%20History\" target=\"_blank\" rel=\"noopener\">http:\/\/support.mozilla.org\/en-US\/kb\/Clear%20Recent%20History<\/a><br \/>Safari <a role=\"link\" href=\"http:\/\/support.apple.com\/kb\/PH5042\" target=\"_blank\" rel=\"noopener\">http:\/\/support.apple.com\/kb\/PH5042<\/a><br \/>Opera <a role=\"link\" href=\"http:\/\/www.opera.com\/browser\/tutorials\/security\/privacy\/\" target=\"_blank\" rel=\"noopener\">http:\/\/www.opera.com\/browser\/tutorials\/security\/privacy\/<\/a><\/p><p><strong>6. Cookies que foram definidos no passado<\/strong><br \/>A Jardim da Rua poder\u00e1 continuar a usar as informa\u00e7\u00f5es recolhidas antes de definir a prefer\u00eancia de cookies desativada, ainda que a Jardim da Rua deixe de utilizar o cookie desativado para recolher mais informa\u00e7\u00f5es.<\/p><p><strong>7. Consentimento<\/strong><br \/>Ao aceitar a utiliza\u00e7\u00e3o de cookies, consideramos que o utilizador aceita o uso de cookies para os prop\u00f3sitos indicados e em conformidade com as condi\u00e7\u00f5es contidas nesta p\u00e1gina.<\/p><p>Se, em qualquer momento, desejar retirar o seu consentimento ao nosso Aviso de Cookies, dever\u00e1 apagar os cookies armazenados, ajustando as op\u00e7\u00f5es correspondentes que se encontram no menu \u201cFerramentas\u201d do seu navegador.<\/p><p><strong>8. Altera\u00e7\u00f5es ao Aviso de Cookies<\/strong><\/p><p>A Jardim da Rua reserva-se o direito de, a qualquer momento, sem necessidade de aviso pr\u00e9vio e com efeitos imediatos, alterar, adicionar, atualizar ou eliminar, parcial ou totalmente, a presente informa\u00e7\u00e3o sobre cookies.<\/p><p>Desta forma, ocasionalmente, este Aviso ser\u00e1 atualizado para refletir altera\u00e7\u00f5es nas nossas pr\u00e1ticas e servi\u00e7os. Quando publicarmos altera\u00e7\u00f5es ao mesmo, iremos rever a data da \u201c\u00daltima atualiza\u00e7\u00e3o\u201d na parte superior deste Aviso. Recomendamos que verifique o nosso website periodicamente para que possa estar informado sobre quaisquer altera\u00e7\u00f5es ao Aviso de Cookies ou a qualquer outro Aviso.<\/p>\t\t\t\t\t\t\t\t<\/div>\n\t\t\t\t<\/div>\n\t\t\t\t\t<\/div>\n\t\t\t\t<\/div>\n\t\t\t\t<\/div>\n\t\t","protected":false},"excerpt":{"rendered":"<p>1. O que \u00e9 um cookie? Os cookies s\u00e3o pequenos ficheiros de texto\u00a0 guardados no seu computador aquando da visita a um website. Estes ficheiros s\u00e3o amplamente utilizados para que o website funcione de forma correta e eficiente, bem como para fornecer informa\u00e7\u00f5es aos propriet\u00e1rios do website. Existem duas grandes categorias de cookies: \u2022 Cookies [&hellip;]<\/p>\n","protected":false},"author":2,"featured_media":0,"parent":0,"menu_order":0,"comment_status":"closed","ping_status":"closed","template":"","meta":{"footnotes":""},"class_list":["post-2546","page","type-page","status-publish","hentry"],"aioseo_notices":[],"_links":{"self":[{"href":"https:\/\/www.layoutcriativo.pt\/Projetos\/jardimdarua\/wp-json\/wp\/v2\/pages\/2546","targetHints":{"allow":["GET"]}}],"collection":[{"href":"https:\/\/www.layoutcriativo.pt\/Projetos\/jardimdarua\/wp-json\/wp\/v2\/pages"}],"about":[{"href":"https:\/\/www.layoutcriativo.pt\/Projetos\/jardimdarua\/wp-json\/wp\/v2\/types\/page"}],"author":[{"embeddable":true,"href":"https:\/\/www.layoutcriativo.pt\/Projetos\/jardimdarua\/wp-json\/wp\/v2\/users\/2"}],"replies":[{"embeddable":true,"href":"https:\/\/www.layoutcriativo.pt\/Projetos\/jardimdarua\/wp-json\/wp\/v2\/comments?post=2546"}],"version-history":[{"count":42,"href":"https:\/\/www.layoutcriativo.pt\/Projetos\/jardimdarua\/wp-json\/wp\/v2\/pages\/2546\/revisions"}],"predecessor-version":[{"id":3296,"href":"https:\/\/www.layoutcriativo.pt\/Projetos\/jardimdarua\/wp-json\/wp\/v2\/pages\/2546\/revisions\/3296"}],"wp:attachment":[{"href":"https:\/\/www.layoutcriativo.pt\/Projetos\/jardimdarua\/wp-json\/wp\/v2\/media?parent=2546"}],"curies":[{"name":"wp","href":"https:\/\/api.w.org\/{rel}","templated":true}]}}