{"id":2562,"date":"2025-03-06T17:38:00","date_gmt":"2025-03-06T17:38:00","guid":{"rendered":"https:\/\/www.layoutcriativo.pt\/Projetos\/jardimdarua\/?page_id=2562"},"modified":"2026-03-25T17:19:46","modified_gmt":"2026-03-25T17:19:46","slug":"servicos","status":"publish","type":"page","link":"https:\/\/www.layoutcriativo.pt\/Projetos\/jardimdarua\/servicos\/","title":{"rendered":"Servi\u00e7os"},"content":{"rendered":"\t\t<div data-elementor-type=\"wp-page\" data-elementor-id=\"2562\" class=\"elementor elementor-2562\">\n\t\t\t\t<div class=\"elementor-element elementor-element-ae561a6 e-flex e-con-boxed e-con e-parent\" data-id=\"ae561a6\" data-element_type=\"container\" data-e-type=\"container\">\n\t\t\t\t\t<div class=\"e-con-inner\">\n\t\t<div class=\"elementor-element elementor-element-b5d7986 e-con-full e-flex e-con e-child\" data-id=\"b5d7986\" data-element_type=\"container\" data-e-type=\"container\">\n\t\t\t\t<div class=\"elementor-element elementor-element-ded5f5c elementor-widget elementor-widget-gardnma_section_title\" data-id=\"ded5f5c\" data-element_type=\"widget\" data-e-type=\"widget\" data-widget_type=\"gardnma_section_title.default\">\n\t\t\t\t<div class=\"elementor-widget-container\">\n\t\t\t\t\t\t\n\t\n\n\t\t\t\t\t\t<div class=\"sec-title style2 text-center\">\n\t\t\t\t\t\t<div class=\"sec-title__tagline\">\n\t\t\t\t\t\t\t\t<h6>Solu\u00e7\u00f5es completas para espa\u00e7os e momentos<\/h6>\n\t\t\t<\/div>\n\t\t\t\t\t\t\t\t\t<h2 class=\"sec-title__title\">Servi\u00e7os Jardim da Rua<\/h2>\n\t\t\t\t\t<\/div>\n\t\t\t\t\n        \t\t\t\t<\/div>\n\t\t\t\t<\/div>\n\t\t\t\t<div class=\"elementor-element elementor-element-6d6bce5 elementor-widget elementor-widget-text-editor\" data-id=\"6d6bce5\" data-element_type=\"widget\" data-e-type=\"widget\" data-widget_type=\"text-editor.default\">\n\t\t\t\t<div class=\"elementor-widget-container\">\n\t\t\t\t\t\t\t\t\t<p>Na Jardim da Rua reunimos servi\u00e7os de jardinagem, florista e decora\u00e7\u00e3o de eventos para responder a diferentes necessidades.<br \/>Trabalhamos com solu\u00e7\u00f5es personalizadas, adaptadas a cada cliente e tipo de projeto.<\/p><p>Fale connosco e descubra a melhor solu\u00e7\u00e3o para si.<\/p><h4>\u00a0<\/h4><h4><strong>RESUMO R\u00c1PIDO<\/strong><\/h4><ul><li>Servi\u00e7os dispon\u00edveis: Jardinagem, Florista, Decora\u00e7\u00e3o de Eventos<\/li><li>Tipo de cliente: Particulares e empresas<\/li><li>Personaliza\u00e7\u00e3o: Total<\/li><li>Or\u00e7amento: Gratuito<\/li><li>Zona de atua\u00e7\u00e3o: Portugal<\/li><\/ul>\t\t\t\t\t\t\t\t<\/div>\n\t\t\t\t<\/div>\n\t\t\t\t<\/div>\n\t\t\t\t\t<\/div>\n\t\t\t\t<\/div>\n\t\t<div class=\"elementor-element elementor-element-ed1dbd5 e-con-full e-flex e-con e-parent\" data-id=\"ed1dbd5\" data-element_type=\"container\" data-e-type=\"container\">\n\t\t<div class=\"elementor-element elementor-element-b04c39c e-con-full e-flex e-con e-child\" data-id=\"b04c39c\" data-element_type=\"container\" data-e-type=\"container\">\n\t\t\t\t<div class=\"elementor-element elementor-element-2c55ace elementor-widget elementor-widget-gardnma_service_block_two\" data-id=\"2c55ace\" data-element_type=\"widget\" data-e-type=\"widget\" data-widget_type=\"gardnma_service_block_two.default\">\n\t\t\t\t<div class=\"elementor-widget-container\">\n\t\t\t\t\t\t\t\n\n\n\t <!--Start Services Two -->\n\t <section class=\"services-two\">\n            <div class=\"services-two__bg\" style=\"background-image: url(https:\/\/www.layoutcriativo.pt\/Projetos\/jardimdarua\/wp-content\/uploads\/2025\/03\/jardimdarua_header_2.webp);\">\n            <\/div>            <div class=\"services-two__bg2\" style=\"background-image: url(https:\/\/www.layoutcriativo.pt\/Projetos\/jardimdarua\/wp-content\/uploads\/2023\/04\/services-v2-shape2.png);\">\n            <\/div>                                    <div class=\"container\">\n                <div class=\"sec-title style2 text-center\">\n                    <div class=\"sec-title__tagline center\">\n                        \n\t\t\t\t\t\t                        <h6>Onde a natureza encontra as melhores solu\u00e7\u00f5es<\/h6>\n                    <\/div>\n                    <h2 class=\"sec-title__title\">\n\t\t\t\t\tO que podemos oferecer<\/h2>\n                <\/div>\n\n                <div class=\"row\">\n\t\t\t\t                    <!--Start Services Two Single-->\n                    <div class=\"col-xl-4 col-lg-6 wow fadeInLeft\" data-wow-delay=\"0ms\" data-wow-duration=\"1500ms\">\n                        <div class=\"services-two__single\">\n                            <div class=\"services-two__single-inner\">\n                                <div class=\"services-two__single-img\">\n                                    <div class=\"inner\">\n\t\t\t\t\t\t\t\t\t<img decoding=\"async\" src=\"https:\/\/www.layoutcriativo.pt\/Projetos\/jardimdarua\/wp-content\/uploads\/2025\/03\/jardimdarua_servico_jardinagem.webp\" alt=\"Awesome Image\">\n                                    <\/div>\t\t\t\t\t\t\t\t\t\t\n                                    <div class=\"icon-box\">\n                                        <span class=\" icon-lawn-mower\"><\/span>\n                                    <\/div>                                <\/div>\n\n                                <div class=\"services-two__single-content\">\n                                    <div class=\"services-two__single-content-bg\"\n                                        style=\"background-image: url(https:\/\/www.layoutcriativo.pt\/Projetos\/jardimdarua\/wp-content\/uploads\/2023\/04\/services-v2-shape1.png);\">\n                                    <\/div>\t\t\t\t\t\t\t\t\t\t\n                                    <h2><a href=\"https:\/\/www.layoutcriativo.pt\/Projetos\/jardimdarua\/servicos\/jardinagem\/\">Jardinagem<br>&nbsp;<\/a><\/h2>                                    <p><b>Criamos e mantemos jardins \u00e0 medida<\/b>\nDesenvolvemos projetos de jardins naturais e sint\u00e9ticos, desde o planeamento at\u00e9 \u00e0 execu\u00e7\u00e3o e manuten\u00e7\u00e3o.\n<\/p>\n                                <\/div>\n                            <\/div>\n                        <\/div>\n                    <\/div>\n                    <!--End Services Two Single-->\n\t\t\t\t\t                    <!--Start Services Two Single-->\n                    <div class=\"col-xl-4 col-lg-6 wow fadeInLeft\" data-wow-delay=\"0ms\" data-wow-duration=\"1500ms\">\n                        <div class=\"services-two__single\">\n                            <div class=\"services-two__single-inner\">\n                                <div class=\"services-two__single-img\">\n                                    <div class=\"inner\">\n\t\t\t\t\t\t\t\t\t<img decoding=\"async\" src=\"https:\/\/www.layoutcriativo.pt\/Projetos\/jardimdarua\/wp-content\/uploads\/2026\/01\/jardimdarua_servico_jardinagem_sintectico.webp\" alt=\"Awesome Image\">\n                                    <\/div>\t\t\t\t\t\t\t\t\t\t\n                                    <div class=\"icon-box\">\n                                        <span class=\" icon-butterflies\"><\/span>\n                                    <\/div>                                <\/div>\n\n                                <div class=\"services-two__single-content\">\n                                    <div class=\"services-two__single-content-bg\"\n                                        style=\"background-image: url(https:\/\/www.layoutcriativo.pt\/Projetos\/jardimdarua\/wp-content\/uploads\/2023\/04\/services-v2-shape1.png);\">\n                                    <\/div>\t\t\t\t\t\t\t\t\t\t\n                                    <h2><a href=\"\/florista\/\">Florista<br>&nbsp;<\/a><\/h2>                                    <p><b>Arranjos florais para todas as ocasi\u00f5es<\/b>\nCriamos ramos e arranjos personalizados com flores frescas para eventos, ofertas e decora\u00e7\u00e3o.\n&nbsp;<br>&nbsp;<\/p>\n                                <\/div>\n                            <\/div>\n                        <\/div>\n                    <\/div>\n                    <!--End Services Two Single-->\n\t\t\t\t\t                    <!--Start Services Two Single-->\n                    <div class=\"col-xl-4 col-lg-6 wow fadeInLeft\" data-wow-delay=\"0ms\" data-wow-duration=\"1500ms\">\n                        <div class=\"services-two__single\">\n                            <div class=\"services-two__single-inner\">\n                                <div class=\"services-two__single-img\">\n                                    <div class=\"inner\">\n\t\t\t\t\t\t\t\t\t<img decoding=\"async\" src=\"https:\/\/www.layoutcriativo.pt\/Projetos\/jardimdarua\/wp-content\/uploads\/2025\/03\/jardimdarua_servico_decoracao.webp\" alt=\"Awesome Image\">\n                                    <\/div>\t\t\t\t\t\t\t\t\t\t\n                                    <div class=\"icon-box\">\n                                        <span class=\" icon-agriculture\"><\/span>\n                                    <\/div>                                <\/div>\n\n                                <div class=\"services-two__single-content\">\n                                    <div class=\"services-two__single-content-bg\"\n                                        style=\"background-image: url(https:\/\/www.layoutcriativo.pt\/Projetos\/jardimdarua\/wp-content\/uploads\/2023\/04\/services-v2-shape1.png);\">\n                                    <\/div>\t\t\t\t\t\t\t\t\t\t\n                                    <h2><a href=\"\/descoracao\/\">Decora\u00e7\u00e3o de Eventos<\/a><\/h2>                                    <p><b>Transformamos espa\u00e7os em experi\u00eancias<\/b>\nDesenvolvemos decora\u00e7\u00e3o completa para eventos, adaptada ao estilo e objetivo de cada ocasi\u00e3o.\n<\/p>\n                                <\/div>\n                            <\/div>\n                        <\/div>\n                    <\/div>\n                    <!--End Services Two Single-->\n\t\t\t\t\t                <\/div>\n            <\/div>\n        <\/section>\n        <!--End Services Two -->\n\n\n    \t\t\t\t<\/div>\n\t\t\t\t<\/div>\n\t\t\t\t<\/div>\n\t\t\t\t<\/div>\n\t\t<div class=\"elementor-element elementor-element-73dc14a e-con-full e-flex e-con e-parent\" data-id=\"73dc14a\" data-element_type=\"container\" data-e-type=\"container\">\n\t\t<div class=\"elementor-element elementor-element-0588553 e-con-full e-flex e-con e-child\" data-id=\"0588553\" data-element_type=\"container\" data-e-type=\"container\">\n\t\t\t\t<div class=\"elementor-element elementor-element-2380bb0 elementor-widget elementor-widget-gardnma_work_process_block_two\" data-id=\"2380bb0\" data-element_type=\"widget\" data-e-type=\"widget\" data-widget_type=\"gardnma_work_process_block_two.default\">\n\t\t\t\t<div class=\"elementor-widget-container\">\n\t\t\t\t\t\t\t\n\n\t\t<!--Start Work Process One-->\n        <section class=\"work-process-two\">\n\t\t\t<div class=\"shape1\"><img decoding=\"async\" src=\"\" alt=\"Awesome Image\"><\/div>            <div class=\"shape2\"><img decoding=\"async\" src=\"https:\/\/www.layoutcriativo.pt\/Projetos\/jardimdarua\/wp-content\/uploads\/2023\/04\/work-process-v2-shape2.png\" alt=\"Awesome Image\"><\/div>            <div class=\"container\">\n\t\t\t\t<div class=\"sec-title style2 text-center\">\n\t\t\t\t\t\t<div class=\"sec-title__tagline center\">\n\t\t\t\t\t\t\t\t\t\t\t\t\t\t<h6>Onde as ideias ganham forma<\/h6>\n\t\t\t\t\t\t<\/div>\n\t\t\t\t\t\t<h2 class=\"sec-title__title\">\n\t\t\t\t\t\tComo funciona<\/h2>\n                <\/div>\n                <div class=\"row filter-layout masonary-layout\">\n\t\t\t\t\t \n                    <!--Start Work Process One Single-->\n                    <div class=\"col-xl-3 col-lg-3 col-md-6 wow fadeInLeft\" data-wow-delay=\"0ms\"\n                        data-wow-duration=\"1000ms\">\n\t\t\t\t\t\t\t<div class=\"work-process-two__single \">\n\t\t\t\t\t\t\t\t<div class=\"work-process-two__single-icon\">\n\t\t\t\t\t\t\t\t\t<div class=\"inner\">\n\t\t\t\t\t\t\t\t\t\t<span class=\" icon-gardener-1\"><\/span>\n\t\t\t\t\t\t\t\t\t<\/div>\n\t\t\t\t\t\t\t\t\t<div class=\"count-box\"><\/div>\n\t\t\t\t\t\t\t\t<\/div>\n\n\t\t\t\t\t\t\t\t<div class=\"work-process-two__single-content text-center\">\n\t\t\t\t\t\t\t\t\t<h3><a href=\"\">Contacto inicial<\/a><\/h3>\n\t\t\t\t\t\t\t\t\t<p><\/p>\n\n\t\t\t\t\t\t\t\t<\/div>\n\t\t\t\t\t\t\t<\/div>\n                    <\/div>\n                    <!--End Work Process One Single-->\n\t\t\t\t\t \n                    <!--Start Work Process One Single-->\n                    <div class=\"col-xl-3 col-lg-3 col-md-6 wow fadeInLeft\" data-wow-delay=\"0ms\"\n                        data-wow-duration=\"1000ms\">\n\t\t\t\t\t\t\t<div class=\"work-process-two__single style2 mb50\">\n\t\t\t\t\t\t\t\t<div class=\"work-process-two__single-icon\">\n\t\t\t\t\t\t\t\t\t<div class=\"inner\">\n\t\t\t\t\t\t\t\t\t\t<span class=\" icon-agriculture\"><\/span>\n\t\t\t\t\t\t\t\t\t<\/div>\n\t\t\t\t\t\t\t\t\t<div class=\"count-box\"><\/div>\n\t\t\t\t\t\t\t\t<\/div>\n\n\t\t\t\t\t\t\t\t<div class=\"work-process-two__single-content text-center\">\n\t\t\t\t\t\t\t\t\t<h3><a href=\"\">An\u00e1lise das necessidades<\/a><\/h3>\n\t\t\t\t\t\t\t\t\t<p><\/p>\n\n\t\t\t\t\t\t\t\t<\/div>\n\t\t\t\t\t\t\t<\/div>\n                    <\/div>\n                    <!--End Work Process One Single-->\n\t\t\t\t\t \n                    <!--Start Work Process One Single-->\n                    <div class=\"col-xl-3 col-lg-3 col-md-6 wow fadeInLeft\" data-wow-delay=\"0ms\"\n                        data-wow-duration=\"1000ms\">\n\t\t\t\t\t\t\t<div class=\"work-process-two__single mb25\">\n\t\t\t\t\t\t\t\t<div class=\"work-process-two__single-icon\">\n\t\t\t\t\t\t\t\t\t<div class=\"inner\">\n\t\t\t\t\t\t\t\t\t\t<span class=\" icon-gardening-2\"><\/span>\n\t\t\t\t\t\t\t\t\t<\/div>\n\t\t\t\t\t\t\t\t\t<div class=\"count-box\"><\/div>\n\t\t\t\t\t\t\t\t<\/div>\n\n\t\t\t\t\t\t\t\t<div class=\"work-process-two__single-content text-center\">\n\t\t\t\t\t\t\t\t\t<h3><a href=\"\">Proposta personalizada<\/a><\/h3>\n\t\t\t\t\t\t\t\t\t<p><\/p>\n\n\t\t\t\t\t\t\t\t<\/div>\n\t\t\t\t\t\t\t<\/div>\n                    <\/div>\n                    <!--End Work Process One Single-->\n\t\t\t\t\t \n                    <!--Start Work Process One Single-->\n                    <div class=\"col-xl-3 col-lg-3 col-md-6 wow fadeInLeft\" data-wow-delay=\"0ms\"\n                        data-wow-duration=\"1000ms\">\n\t\t\t\t\t\t\t<div class=\"work-process-two__single style2\">\n\t\t\t\t\t\t\t\t<div class=\"work-process-two__single-icon\">\n\t\t\t\t\t\t\t\t\t<div class=\"inner\">\n\t\t\t\t\t\t\t\t\t\t<span class=\" icon-gardening\"><\/span>\n\t\t\t\t\t\t\t\t\t<\/div>\n\t\t\t\t\t\t\t\t\t<div class=\"count-box\"><\/div>\n\t\t\t\t\t\t\t\t<\/div>\n\n\t\t\t\t\t\t\t\t<div class=\"work-process-two__single-content text-center\">\n\t\t\t\t\t\t\t\t\t<h3><a href=\"\">Execu\u00e7\u00e3o do servi\u00e7o Processo simples, r\u00e1pido e ajustado a si<\/a><\/h3>\n\t\t\t\t\t\t\t\t\t<p><\/p>\n\n\t\t\t\t\t\t\t\t<\/div>\n\t\t\t\t\t\t\t<\/div>\n                    <\/div>\n                    <!--End Work Process One Single-->\n\t\t\t\t\t                <\/div>\n            <\/div>\n        <\/section>\n        <!--End Work Process One-->\n\n\n    \t\t\t\t<\/div>\n\t\t\t\t<\/div>\n\t\t\t\t<div class=\"elementor-element elementor-element-78673ce elementor-widget elementor-widget-gardnma_work_process_block\" data-id=\"78673ce\" data-element_type=\"widget\" data-e-type=\"widget\" data-widget_type=\"gardnma_work_process_block.default\">\n\t\t\t\t<div class=\"elementor-widget-container\">\n\t\t\t\t\t\t\t\n\n\t\t<!--Start Work Process One-->\n        <section class=\"work-process-one\">\n            <div class=\"shape1\"><\/div>\n                        <div class=\"container\">\n                <div class=\"sec-title text-center\">\n                    <div class=\"sec-title__tagline\">\n                        <span class=\"left\"><\/span>\n                        <h6>Servi\u00e7os<\/h6>\n                        <span class=\"right\"><\/span>\n                    <\/div>\n                    <h2 class=\"sec-title__title\">Porqu\u00ea escolher a Jardim da Rua<\/h2>\n                <\/div>\n                <div class=\"row filter-layout masonary-layout\">\n\t\t\t\t\t \n                    <!--Start Work Process One Single-->\n                    <div class=\"col-xl-3 col-lg-3 col-md-6 wow fadeInLeft\" data-wow-delay=\"0ms\"\n                        data-wow-duration=\"1000ms\">\n\t\t\t\t\t\t<div class=\"\">\n\t\t\t\t\t\t\t<div class=\"work-process-one__single\">\n\t\t\t\t\t\t\t\t<div class=\"work-process-one__single-icon\">\n\t\t\t\t\t\t\t\t\t<div class=\"inner\">\n\t\t\t\t\t\t\t\t\t\t<span class=\" icon-seeding\"><\/span>\n\t\t\t\t\t\t\t\t\t<\/div>\n\t\t\t\t\t\t\t\t\t<div class=\"count-box\"><\/div>\n\t\t\t\t\t\t\t\t<\/div>\n\n\t\t\t\t\t\t\t\t<div class=\"work-process-one__single-content text-center\">\n\t\t\t\t\t\t\t\t\t<h2><a href=\"\">Solu\u00e7\u00f5es personalizadas<\/a><\/h2>\n\t\t\t\t\t\t\t\t\t<p><\/p>\n\n\t\t\t\t\t\t\t\t<\/div>\n\t\t\t\t\t\t\t<\/div>\n\t\t\t\t\t\t<\/div>\n                    <\/div>\n                    <!--End Work Process One Single-->\n\t\t\t\t\t \n                    <!--Start Work Process One Single-->\n                    <div class=\"col-xl-3 col-lg-3 col-md-6 wow fadeInLeft\" data-wow-delay=\"0ms\"\n                        data-wow-duration=\"1000ms\">\n\t\t\t\t\t\t<div class=\"\">\n\t\t\t\t\t\t\t<div class=\"work-process-one__single\">\n\t\t\t\t\t\t\t\t<div class=\"work-process-one__single-icon\">\n\t\t\t\t\t\t\t\t\t<div class=\"inner\">\n\t\t\t\t\t\t\t\t\t\t<span class=\" icon-farmer\"><\/span>\n\t\t\t\t\t\t\t\t\t<\/div>\n\t\t\t\t\t\t\t\t\t<div class=\"count-box\"><\/div>\n\t\t\t\t\t\t\t\t<\/div>\n\n\t\t\t\t\t\t\t\t<div class=\"work-process-one__single-content text-center\">\n\t\t\t\t\t\t\t\t\t<h2><a href=\"\">Experi\u00eancia pr\u00e1tica<\/a><\/h2>\n\t\t\t\t\t\t\t\t\t<p><\/p>\n\n\t\t\t\t\t\t\t\t<\/div>\n\t\t\t\t\t\t\t<\/div>\n\t\t\t\t\t\t<\/div>\n                    <\/div>\n                    <!--End Work Process One Single-->\n\t\t\t\t\t \n                    <!--Start Work Process One Single-->\n                    <div class=\"col-xl-3 col-lg-3 col-md-6 wow fadeInLeft\" data-wow-delay=\"0ms\"\n                        data-wow-duration=\"1000ms\">\n\t\t\t\t\t\t<div class=\"\">\n\t\t\t\t\t\t\t<div class=\"work-process-one__single\">\n\t\t\t\t\t\t\t\t<div class=\"work-process-one__single-icon\">\n\t\t\t\t\t\t\t\t\t<div class=\"inner\">\n\t\t\t\t\t\t\t\t\t\t<span class=\" icon-gardening-2\"><\/span>\n\t\t\t\t\t\t\t\t\t<\/div>\n\t\t\t\t\t\t\t\t\t<div class=\"count-box\"><\/div>\n\t\t\t\t\t\t\t\t<\/div>\n\n\t\t\t\t\t\t\t\t<div class=\"work-process-one__single-content text-center\">\n\t\t\t\t\t\t\t\t\t<h2><a href=\"\">Materiais de Qualidade<\/a><\/h2>\n\t\t\t\t\t\t\t\t\t<p><\/p>\n\n\t\t\t\t\t\t\t\t<\/div>\n\t\t\t\t\t\t\t<\/div>\n\t\t\t\t\t\t<\/div>\n                    <\/div>\n                    <!--End Work Process One Single-->\n\t\t\t\t\t \n                    <!--Start Work Process One Single-->\n                    <div class=\"col-xl-3 col-lg-3 col-md-6 wow fadeInLeft\" data-wow-delay=\"0ms\"\n                        data-wow-duration=\"1000ms\">\n\t\t\t\t\t\t<div class=\"\">\n\t\t\t\t\t\t\t<div class=\"work-process-one__single\">\n\t\t\t\t\t\t\t\t<div class=\"work-process-one__single-icon\">\n\t\t\t\t\t\t\t\t\t<div class=\"inner\">\n\t\t\t\t\t\t\t\t\t\t<span class=\" icon-leaf\"><\/span>\n\t\t\t\t\t\t\t\t\t<\/div>\n\t\t\t\t\t\t\t\t\t<div class=\"count-box\"><\/div>\n\t\t\t\t\t\t\t\t<\/div>\n\n\t\t\t\t\t\t\t\t<div class=\"work-process-one__single-content text-center\">\n\t\t\t\t\t\t\t\t\t<h2><a href=\"\">Acompanhamento Pr\u00f3ximo<\/a><\/h2>\n\t\t\t\t\t\t\t\t\t<p><\/p>\n\n\t\t\t\t\t\t\t\t<\/div>\n\t\t\t\t\t\t\t<\/div>\n\t\t\t\t\t\t<\/div>\n                    <\/div>\n                    <!--End Work Process One Single-->\n\t\t\t\t\t                <\/div>\n            <\/div>\n        <\/section>\n        <!--End Work Process One-->\n\n\n    \t\t\t\t<\/div>\n\t\t\t\t<\/div>\n\t\t\t\t<\/div>\n\t\t\t\t<\/div>\n\t\t<div class=\"elementor-element elementor-element-9526d11 e-flex e-con-boxed e-con e-parent\" data-id=\"9526d11\" data-element_type=\"container\" data-e-type=\"container\">\n\t\t\t\t\t<div class=\"e-con-inner\">\n\t\t<div class=\"elementor-element elementor-element-4377589 e-con-full e-flex e-con e-child\" data-id=\"4377589\" data-element_type=\"container\" data-e-type=\"container\">\n\t\t\t\t<div class=\"elementor-element elementor-element-9350f67 elementor-widget elementor-widget-gardnma_accordion_block\" data-id=\"9350f67\" data-element_type=\"widget\" data-e-type=\"widget\" data-widget_type=\"gardnma_accordion_block.default\">\n\t\t\t\t<div class=\"elementor-widget-container\">\n\t\t\t\t\t\n\t\n\n\t\t<!--Start Faq One Accordion-->\n\t\t\n\t\t\t<div class=\"faq-two__accordion faq-two__accordion--services\">\n\t\t\t\t<ul class=\"accordion-box\">\n\t\t\t\t\t\t\t\t\t<li class=\"accordion block active-block\">\n\t\t\t\t\t\t<div class=\"acc-btn active\">\n\t\t\t\t\t\t\t<div class=\"icon-outer\">\n\t\t\t\t\t\t\t\t<i class=\"icon-up-arrow\"><\/i>\n\t\t\t\t\t\t\t<\/div>\n\t\t\t\t\t\t\t<h3>\n\t\t\t\t\t\t\t1. Que servi\u00e7os a Jardim da Rua presta?\t\t\t\t\t\t\t<\/h3>\n\t\t\t\t\t\t<\/div>\n\t\t\t\t\t\t<div class=\"acc-content current\">\n\t\t\t\t\t\t\t<p>Prestamos servi\u00e7os de jardinagem, florista e decora\u00e7\u00e3o de eventos.<\/p>\n\t\t\t\t\t\t<\/div>\n\t\t\t\t\t<\/li>\n\t\t\t\t\t\t\t\t\t\t<li class=\"accordion block \">\n\t\t\t\t\t\t<div class=\"acc-btn \">\n\t\t\t\t\t\t\t<div class=\"icon-outer\">\n\t\t\t\t\t\t\t\t<i class=\"icon-up-arrow\"><\/i>\n\t\t\t\t\t\t\t<\/div>\n\t\t\t\t\t\t\t<h3>\n\t\t\t\t\t\t\t2. Posso contratar apenas um servi\u00e7o?\t\t\t\t\t\t\t<\/h3>\n\t\t\t\t\t\t<\/div>\n\t\t\t\t\t\t<div class=\"acc-content \">\n\t\t\t\t\t\t\t<p>Sim, todos os servi\u00e7os s\u00e3o independentes.<\/p>\n\t\t\t\t\t\t<\/div>\n\t\t\t\t\t<\/li>\n\t\t\t\t\t\t\t\t\t\t<li class=\"accordion block \">\n\t\t\t\t\t\t<div class=\"acc-btn \">\n\t\t\t\t\t\t\t<div class=\"icon-outer\">\n\t\t\t\t\t\t\t\t<i class=\"icon-up-arrow\"><\/i>\n\t\t\t\t\t\t\t<\/div>\n\t\t\t\t\t\t\t<h3>\n\t\t\t\t\t\t\t3. Trabalham com empresas?\t\t\t\t\t\t\t<\/h3>\n\t\t\t\t\t\t<\/div>\n\t\t\t\t\t\t<div class=\"acc-content \">\n\t\t\t\t\t\t\t<p>Sim, com empresas e particulares.<\/p>\n\t\t\t\t\t\t<\/div>\n\t\t\t\t\t<\/li>\n\t\t\t\t\t\t\t\t\t\t<li class=\"accordion block \">\n\t\t\t\t\t\t<div class=\"acc-btn \">\n\t\t\t\t\t\t\t<div class=\"icon-outer\">\n\t\t\t\t\t\t\t\t<i class=\"icon-up-arrow\"><\/i>\n\t\t\t\t\t\t\t<\/div>\n\t\t\t\t\t\t\t<h3>\n\t\t\t\t\t\t\t4. Os servi\u00e7os s\u00e3o personalizados?\t\t\t\t\t\t\t<\/h3>\n\t\t\t\t\t\t<\/div>\n\t\t\t\t\t\t<div class=\"acc-content \">\n\t\t\t\t\t\t\t<p>Sim, totalmente adaptados ao cliente.<\/p>\n\t\t\t\t\t\t<\/div>\n\t\t\t\t\t<\/li>\n\t\t\t\t\t\t\t\t\t\t<li class=\"accordion block \">\n\t\t\t\t\t\t<div class=\"acc-btn \">\n\t\t\t\t\t\t\t<div class=\"icon-outer\">\n\t\t\t\t\t\t\t\t<i class=\"icon-up-arrow\"><\/i>\n\t\t\t\t\t\t\t<\/div>\n\t\t\t\t\t\t\t<h3>\n\t\t\t\t\t\t\t5. Como posso pedir or\u00e7amento?\t\t\t\t\t\t\t<\/h3>\n\t\t\t\t\t\t<\/div>\n\t\t\t\t\t\t<div class=\"acc-content \">\n\t\t\t\t\t\t\t<p>Atrav\u00e9s do formul\u00e1rio ou contacto direto.<\/p>\n\t\t\t\t\t\t<\/div>\n\t\t\t\t\t<\/li>\n\t\t\t\t\t\t\t\t\t\t<li class=\"accordion block \">\n\t\t\t\t\t\t<div class=\"acc-btn \">\n\t\t\t\t\t\t\t<div class=\"icon-outer\">\n\t\t\t\t\t\t\t\t<i class=\"icon-up-arrow\"><\/i>\n\t\t\t\t\t\t\t<\/div>\n\t\t\t\t\t\t\t<h3>\n\t\t\t\t\t\t\t6. Trabalham com relva sint\u00e9tica?\t\t\t\t\t\t\t<\/h3>\n\t\t\t\t\t\t<\/div>\n\t\t\t\t\t\t<div class=\"acc-content \">\n\t\t\t\t\t\t\t<p>Sim, com v\u00e1rias op\u00e7\u00f5es adaptadas ao uso.<\/p>\n\t\t\t\t\t\t<\/div>\n\t\t\t\t\t<\/li>\n\t\t\t\t\t\t\t\t\t\t<li class=\"accordion block \">\n\t\t\t\t\t\t<div class=\"acc-btn \">\n\t\t\t\t\t\t\t<div class=\"icon-outer\">\n\t\t\t\t\t\t\t\t<i class=\"icon-up-arrow\"><\/i>\n\t\t\t\t\t\t\t<\/div>\n\t\t\t\t\t\t\t<h3>\n\t\t\t\t\t\t\t7. Fazem projetos chave na m\u00e3o?\t\t\t\t\t\t\t<\/h3>\n\t\t\t\t\t\t<\/div>\n\t\t\t\t\t\t<div class=\"acc-content \">\n\t\t\t\t\t\t\t<p>Sim, desde o desenho at\u00e9 \u00e0 execu\u00e7\u00e3o.<\/p>\n\t\t\t\t\t\t<\/div>\n\t\t\t\t\t<\/li>\n\t\t\t\t\t\t\t\t\t\t<li class=\"accordion block \">\n\t\t\t\t\t\t<div class=\"acc-btn \">\n\t\t\t\t\t\t\t<div class=\"icon-outer\">\n\t\t\t\t\t\t\t\t<i class=\"icon-up-arrow\"><\/i>\n\t\t\t\t\t\t\t<\/div>\n\t\t\t\t\t\t\t<h3>\n\t\t\t\t\t\t\t8. Posso escolher os materiais?\t\t\t\t\t\t\t<\/h3>\n\t\t\t\t\t\t<\/div>\n\t\t\t\t\t\t<div class=\"acc-content \">\n\t\t\t\t\t\t\t<p>Sim, com aconselhamento t\u00e9cnico.<\/p>\n\t\t\t\t\t\t<\/div>\n\t\t\t\t\t<\/li>\n\t\t\t\t\t\t\t\t\t\t<li class=\"accordion block \">\n\t\t\t\t\t\t<div class=\"acc-btn \">\n\t\t\t\t\t\t\t<div class=\"icon-outer\">\n\t\t\t\t\t\t\t\t<i class=\"icon-up-arrow\"><\/i>\n\t\t\t\t\t\t\t<\/div>\n\t\t\t\t\t\t\t<h3>\n\t\t\t\t\t\t\t9. Qual o tempo m\u00e9dio de execu\u00e7\u00e3o?\t\t\t\t\t\t\t<\/h3>\n\t\t\t\t\t\t<\/div>\n\t\t\t\t\t\t<div class=\"acc-content \">\n\t\t\t\t\t\t\t<p>Depende do projeto, mas \u00e9 definido previamente.<\/p>\n\t\t\t\t\t\t<\/div>\n\t\t\t\t\t<\/li>\n\t\t\t\t\t\t\t\t\t<\/ul>\n\t\t\t<\/div>\n\t\t\n\t\t<!--End Faq One Accordion-->\n               \n\n\n    \t\t\t\t<\/div>\n\t\t\t\t<\/div>\n\t\t\t\t<div class=\"elementor-element elementor-element-4ee4c09 elementor-widget elementor-widget-spacer\" data-id=\"4ee4c09\" data-element_type=\"widget\" data-e-type=\"widget\" data-widget_type=\"spacer.default\">\n\t\t\t\t<div class=\"elementor-widget-container\">\n\t\t\t\t\t\t\t<div class=\"elementor-spacer\">\n\t\t\t<div class=\"elementor-spacer-inner\"><\/div>\n\t\t<\/div>\n\t\t\t\t\t\t<\/div>\n\t\t\t\t<\/div>\n\t\t\t\t<\/div>\n\t\t\t\t\t<\/div>\n\t\t\t\t<\/div>\n\t\t\t\t<\/div>\n\t\t","protected":false},"excerpt":{"rendered":"<p>Solu\u00e7\u00f5es completas para espa\u00e7os e momentos Servi\u00e7os Jardim da Rua Na Jardim da Rua reunimos servi\u00e7os de jardinagem, florista e decora\u00e7\u00e3o de eventos para responder a diferentes necessidades.Trabalhamos com solu\u00e7\u00f5es personalizadas, adaptadas a cada cliente e tipo de projeto. Fale connosco e descubra a melhor solu\u00e7\u00e3o para si. \u00a0 RESUMO R\u00c1PIDO Servi\u00e7os dispon\u00edveis: Jardinagem, Florista, [&hellip;]<\/p>\n","protected":false},"author":2,"featured_media":0,"parent":0,"menu_order":0,"comment_status":"closed","ping_status":"closed","template":"tpl-default-elementor.php","meta":{"footnotes":""},"class_list":["post-2562","page","type-page","status-publish","hentry"],"aioseo_notices":[],"_links":{"self":[{"href":"https:\/\/www.layoutcriativo.pt\/Projetos\/jardimdarua\/wp-json\/wp\/v2\/pages\/2562","targetHints":{"allow":["GET"]}}],"collection":[{"href":"https:\/\/www.layoutcriativo.pt\/Projetos\/jardimdarua\/wp-json\/wp\/v2\/pages"}],"about":[{"href":"https:\/\/www.layoutcriativo.pt\/Projetos\/jardimdarua\/wp-json\/wp\/v2\/types\/page"}],"author":[{"embeddable":true,"href":"https:\/\/www.layoutcriativo.pt\/Projetos\/jardimdarua\/wp-json\/wp\/v2\/users\/2"}],"replies":[{"embeddable":true,"href":"https:\/\/www.layoutcriativo.pt\/Projetos\/jardimdarua\/wp-json\/wp\/v2\/comments?post=2562"}],"version-history":[{"count":121,"href":"https:\/\/www.layoutcriativo.pt\/Projetos\/jardimdarua\/wp-json\/wp\/v2\/pages\/2562\/revisions"}],"predecessor-version":[{"id":3500,"href":"https:\/\/www.layoutcriativo.pt\/Projetos\/jardimdarua\/wp-json\/wp\/v2\/pages\/2562\/revisions\/3500"}],"wp:attachment":[{"href":"https:\/\/www.layoutcriativo.pt\/Projetos\/jardimdarua\/wp-json\/wp\/v2\/media?parent=2562"}],"curies":[{"name":"wp","href":"https:\/\/api.w.org\/{rel}","templated":true}]}}