{"id":2613,"date":"2025-03-06T18:04:34","date_gmt":"2025-03-06T18:04:34","guid":{"rendered":"https:\/\/www.layoutcriativo.pt\/Projetos\/jardimdarua\/?page_id=2613"},"modified":"2025-03-18T11:46:49","modified_gmt":"2025-03-18T11:46:49","slug":"politicas-de-privacidade","status":"publish","type":"page","link":"https:\/\/www.layoutcriativo.pt\/Projetos\/jardimdarua\/politicas-de-privacidade\/","title":{"rendered":"Pol\u00edticas de Privacidade"},"content":{"rendered":"\t\t<div data-elementor-type=\"wp-page\" data-elementor-id=\"2613\" class=\"elementor elementor-2613\">\n\t\t\t\t<div class=\"elementor-element elementor-element-58857d5a e-flex e-con-boxed e-con e-parent\" data-id=\"58857d5a\" data-element_type=\"container\" data-e-type=\"container\">\n\t\t\t\t\t<div class=\"e-con-inner\">\n\t\t\t\t<div class=\"elementor-element elementor-element-5b5de130 elementor-widget elementor-widget-text-editor\" data-id=\"5b5de130\" data-element_type=\"widget\" data-e-type=\"widget\" data-widget_type=\"text-editor.default\">\n\t\t\t\t<div class=\"elementor-widget-container\">\n\t\t\t\t\t\t\t\t\t<p>Na <em><strong>Jardim da Rua<\/strong><\/em>, preocupamo-nos com a sua seguran\u00e7a e acreditamos na necessidade de proteger a privacidade das informa\u00e7\u00f5es pessoais que compartilha connosco. Para tal, todos os dias reunimos os esfor\u00e7os necess\u00e1rios para garantir a seguran\u00e7a do processo de compra, bem como a privacidade das informa\u00e7\u00f5es pessoais que nos fornece.<\/p><p>Dom\u00ednio <em><strong>www.jardimdarua.pt<\/strong><\/em><\/p><p>O site <a href=\"http:\/\/www.jardimdarua.pt\/\"><em><strong>www.jardimdarua.pt<\/strong><\/em><\/a> \u00e9 propriedade da <em><strong>Jardim da Rua &#8211; Com\u00e9rcio de Plantas Lda.<\/strong><\/em>, com sede na <em><strong>Lugar da Baiuca, Prados de baixo 3620-462 Moimenta da Beira <\/strong><\/em>.<\/p><h3>\u00a0<\/h3><h3>Seguran\u00e7a da navega\u00e7\u00e3o<\/h3><p>Podemos garantir que todos os pedidos que faz no nosso site s\u00e3o seguros, j\u00e1 que utilizamos medidas de seguran\u00e7a rigorosas para o efeito, nomeadamente, o uso do eficiente Servidor Socket Layer (SSL). Com este servidor, qualquer informa\u00e7\u00e3o que introduza \u00e9 criptografada antes de ser transmitida, tornando-se bastante improv\u00e1vel que qualquer terceiro aceda aos seus dados ou intercete as informa\u00e7\u00f5es que foram transmitidas.<\/p><p>No sentido de criar um n\u00edvel de seguran\u00e7a m\u00e1xima, pode, ainda, verificar se est\u00e1 a utilizar o seu navegador (browser) de uma forma segura, se olhar para a barra de endere\u00e7o e verificar a exist\u00eancia de um \u00edcone (imagem) de um cadeado fechado.<\/p><p>O endere\u00e7o introduzido deve, tamb\u00e9m, come\u00e7ar por https. O \u201cs\u201d indica que est\u00e1 a navegar numa p\u00e1gina segura. Informamos que deve ter o cuidado de proceder deste modo em qualquer p\u00e1gina onde tencione fornecer os seus dados pessoais ou dados sens\u00edveis e importantes. As vers\u00f5es mais recentes dos navegadores (browser) e as mais populares, como o Internet Explorer, o Chrome, o Safari e o Firefox suportam estas conex\u00f5es seguras. Se por alguma raz\u00e3o esta op\u00e7\u00e3o tiver sido desativada no seu navegador (browser), n\u00e3o ser\u00e1 capaz de efetuar o login at\u00e9 voltar a ativ\u00e1-la. Poder\u00e1 encontrar esta op\u00e7\u00e3o nas configura\u00e7\u00f5es do navegador (browser), no menu, em \u201cseguran\u00e7a\u201d.<\/p><p>Como protegemos os dados do seu cart\u00e3o de cr\u00e9dito e as suas informa\u00e7\u00f5es pessoais?<\/p><p>O nosso site \u00e9 verificado pela Multicert para prote\u00e7\u00e3o dos seus dados pessoais. Os m\u00e9todos de pagamento mais sens\u00edveis s\u00e3o protegidos pelos standard MasterCard Secure Code ou Verified by Visa. Para que se garanta um n\u00edvel de seguran\u00e7a elevado e por forma a proteger as suas informa\u00e7\u00f5es pessoais.<\/p><p>Pedimos que digite a sua palavra passe cada vez que queira aceder a uma p\u00e1gina que cont\u00e9m os seus dados pessoais. Pode criar, com o seu cart\u00e3o MasterCard ou Visa, um c\u00f3digo MBNET para utilizar nas transa\u00e7\u00f5es, situa\u00e7\u00e3o que lhe certificar\u00e1 uma maior prote\u00e7\u00e3o contra o uso n\u00e3o autorizado do seu cart\u00e3o de cr\u00e9dito ou d\u00e9bito online.<\/p><h3>\u00a0<\/h3><h3>Tratamento dos dados<\/h3><p>A Jardim da Rua \u00e9 a entidade respons\u00e1vel pela recolha e tratamento de dados pessoais. Os dados pessoais colocados pelos utilizadores estar\u00e3o sujeitos a tratamento automatizado e constar\u00e3o na(s) base(s) de dados da <em><strong>Jardim da Rua.<\/strong><\/em><\/p><p>Ter\u00e3o acesso aos dados pessoais, a <em><strong>Jardim da Rua<\/strong><\/em>, enquanto respons\u00e1vel pelo tratamento, bem como os seus subcontratantes, estes \u00faltimos apenas nessa qualidade e nos limites devidamente contratualizados. Os subcontratantes apenas ter\u00e3o acesso aos dados pessoais estritamente necess\u00e1rios \u00e0 prossecu\u00e7\u00e3o das finalidades pretendidas.<\/p><p>Os dados pessoais fornecidos \u00e0 Jardim da Rua, ser\u00e3o utilizados exclusivamente para a gest\u00e3o de clientes, incluindo a defini\u00e7\u00e3o de perfis, e para efeitos de marketing e publicidade. As opera\u00e7\u00f5es de tratamento de dados t\u00eam as seguintes bases de licitude:<\/p><ul><li>Execu\u00e7\u00e3o de um contrato: venda de produtos, servi\u00e7os de repara\u00e7\u00f5es e servi\u00e7os de entregas; ou<\/li><li>Consentimento do titular dos dados: ficha de cliente, defini\u00e7\u00e3o de perfis e transmiss\u00e3o de dados a terceiros; ou<\/li><li>Obriga\u00e7\u00e3o legal: fatura\u00e7\u00e3o.<\/li><\/ul><p>No caso em que o tratamento de dados se baseie no consentimento do titular dos dados pode este, a qualquer momento, retirar o consentimento j\u00e1 prestado, sem que tal retirada se repercuta na legalidade do tratamento at\u00e9 ent\u00e3o levado a cabo.<\/p><p>Pode o Titular dos Dados, a todo o tempo, requerer ao Encarregado de Prote\u00e7\u00e3o de Dados o exerc\u00edcio dos direitos legalmente previstos, ainda que nos termos do RGPD e da demais legisla\u00e7\u00e3o de prote\u00e7\u00e3o de dados pessoais aplic\u00e1vel, a saber:<\/p><ul><li>direito de acesso;<\/li><li>direito de retifica\u00e7\u00e3o;<\/li><li>direito ao apagamento;<\/li><li>direito \u00e0 limita\u00e7\u00e3o do tratamento;<\/li><li>direito de se opor ao tratamento;<\/li><li>direito \u00e0 portabilidade dos dados;<\/li><li>direito de apresentar queixa junto da CNPD.<\/li><\/ul><p>Quaisquer aspetos relacionados com o tratamento de dados pessoais e o exerc\u00edcio dos direitos dos titulares dos dados pessoais dever\u00e3o ser direcionados para os seguintes contactos:<\/p><p><em><strong>Jardim da Rua &#8211; Com\u00e9rcio de Plantas Lda.<\/strong><\/em><br \/><em><strong>Morada: <\/strong><\/em>Lugar da Baiuca, Prados de baixo 3620-462 Moimenta da Beira <br \/><em><strong>Website: <\/strong><\/em><a href=\"http:\/\/www.jardimdarua.pt\/\">www.jardimdarua.pt<\/a><br \/><em><strong>E-Mail:<\/strong><\/em> <a href=\"mailto:geral@jardimdarua.pt\">geral@jardimdarua.pt<\/a><br \/><em><strong>Telef.: <\/strong><\/em>+351 254 581 210 <em style=\"font-size: 8pt;\">(Chamada para a rede m\u00f3vel nacional)<\/em><br \/><em><strong>NIPC: <\/strong><\/em>504 446 819<\/p><h3>\u00a0<\/h3><p><strong>A prote\u00e7\u00e3o dos seus dados pessoais<\/strong><\/p><p>A Jardim da Rua, Lda \u00e9 a entidade respons\u00e1vel pela recolha e tratamento dos seus dados pessoais. Os dados pessoais fornecidos pelos utilizadores do site estar\u00e3o sujeitos a tratamento inform\u00e1tico e ficar\u00e3o a constar na(s) base(s) de dados da<em><strong> Jardim da Rua<\/strong><\/em><\/p><p>A Jardim da Rua, Lda tem uma forte preocupa\u00e7\u00e3o com a prote\u00e7\u00e3o dos dados pessoais e com a privacidade de todos os seus clientes.<\/p><p>Sempre que for necess\u00e1ria uma recolha de dados pessoais para disponibilizar a qualquer servi\u00e7o terceiro, essa recolha ser\u00e1 efetuada no estrito respeito pelo Regulamento Geral de Prote\u00e7\u00e3o de Dados \u2013 (Regulamento (EU) 679\/2016 de 27 de abril de 2016) e legisla\u00e7\u00e3o conexa nacional, europeia e internacional.<\/p><p>A Jardim da Rua, Lda assegura que os dados recolhidos por si s\u00e3o os estritamente necess\u00e1rios ao cumprimento das finalidades de gest\u00e3o de clientes (incluindo a defini\u00e7\u00e3o de perfis); marketing e publicidade, fatura\u00e7\u00e3o de compras, entregas e repara\u00e7\u00f5es.<\/p><p>As opera\u00e7\u00f5es de tratamento de dados s\u00e3o l\u00edcitas quando:<\/p><ul><li>o tratamento de dados pessoais for necess\u00e1rio \u00e0 execu\u00e7\u00e3o de um contrato, nos termos do artigo 6.\u00ba, n.\u00ba 1, al. b) do RGPD: venda de produtos, servi\u00e7os de repara\u00e7\u00f5es e servi\u00e7os de entregas;<\/li><li>quando o titular dos Dados tiver dado o seu consentimento para tratamento dos seus dados, nos termos do artigo 6.\u00ba, n.\u00ba1, al. a) do RGPD: ficha de cliente, defini\u00e7\u00e3o de perfis e transmiss\u00e3o de dados a terceiros;<\/li><li>quando o tratamento decorrer de uma obriga\u00e7\u00e3o legal, de acordo com o artigo 6.\u00ba, n.\u00ba1, al. c) do RGPD: fatura\u00e7\u00e3o.<\/li><\/ul><p>\u00a0<\/p><p><strong>O que recolhemos e de que modo?<\/strong><\/p><p>No site da <em><strong> Jardim da Rua<\/strong><\/em>, recolhemos as seguintes informa\u00e7\u00f5es:<\/p><ol><li>Todas as informa\u00e7\u00f5es pessoais que digitar e enviar, como nome, data de nascimento, endere\u00e7o, endere\u00e7o de e-mail, NIF e contacto. A Jardim da Rua apenas recolhe informa\u00e7\u00f5es necess\u00e1rias para a realiza\u00e7\u00e3o de ordens e abertura de conta cliente. Nunca recolhemos detalhes de pagamento.<\/li><li>Os dados que nos permitem reconhec\u00ea-lo e \u00e0s suas prefer\u00eancias, bem como o modo como utiliza o nosso site. Este tratamento evita a situa\u00e7\u00e3o de ter de reinserir as informa\u00e7\u00f5es de todas as vezes que visitar e aceder ao site. Estes dados s\u00e3o recolhidos por cookies durante a navega\u00e7\u00e3o pelo site. Um guia completo para a nossa pol\u00edtica de cookies, bem como uma explica\u00e7\u00e3o sobre como pode controlar os cookies no seu dispositivo pode ser encontrada aqui (link para pol\u00edtica de cookies).<\/li><li>O seu endere\u00e7o de IP (i.e. o n\u00famero de identifica\u00e7\u00e3o individual do seu computador) \u00e9 registado automaticamente pelo nosso servidor web. Esta funcionalidade serve para analisar o seu interesse pelo site, bem como para conhecer a sua localiza\u00e7\u00e3o (por exemplo, munic\u00edpio\/cidade), o que nos permitir\u00e1 oferecer-lhe informa\u00e7\u00e3o relevante e \u00e0 sua medida sobre as nossas lojas e servi\u00e7os.<\/li><li>As suas prefer\u00eancias e o uso de alertas, atrav\u00e9s de e-mails que lhe enviamos, no caso de escolher receber e-mails sobre produtos e ofertas.<\/li><\/ol><p>\u00a0<\/p><p><strong>Acesso aos dados pessoais<\/strong><\/p><p>Ter\u00e3o acesso aos dados pessoais a <em><strong>Jardim da Rua<\/strong><\/em> enquanto respons\u00e1vel pelo tratamento, bem como os seus subcontratantes. Estes \u00faltimos apenas acedem aos dados nessa qualidade: no \u00e2mbito do servi\u00e7o p\u00f3s-venda para instala\u00e7\u00f5es, entregas ao domic\u00edlio e repara\u00e7\u00f5es ter\u00e3o acesso aos dados pessoais estritamente necess\u00e1rios \u00e0 prossecu\u00e7\u00e3o das finalidades pretendidas.<\/p><p>\u00a0<\/p><p><strong>Os seus direitos<\/strong><\/p><p>Pode, a todo o tempo, exercer os seus direitos (o direito de acesso aos dados pessoais, o direito de apagamento dos dados pessoais, o direito \u00e0 retifica\u00e7\u00e3o dos dados pessoais, \u00e0 limita\u00e7\u00e3o do tratamento, oposi\u00e7\u00e3o ao tratamento e o direito de portabilidade dos dados) atrav\u00e9s do nosso Encarregado de Prote\u00e7\u00e3o de Dados, cujos contactos se encontram no final desta Pol\u00edtica de Privacidade, salvo se se aplicar alguma das restri\u00e7\u00f5es previstas no Regulamento 679\/2016.<\/p><p>O utilizador registado pode, a qualquer momento, retirar o consentimento j\u00e1 prestado para os tratamentos que se baseiem nesse fundamento de licitude, sem que tal retirada se repercuta na legalidade dos tratamentos at\u00e9 ent\u00e3o levados a cabo.<\/p><p>Poder\u00e1, na sua \u00e1rea de cliente, proceder \u00e0 altera\u00e7\u00e3o\/atualiza\u00e7\u00e3o dos seus dados pessoais. Pode, ainda, faz\u00ea-lo atrav\u00e9s do endere\u00e7o de correio eletr\u00f3nico.<\/p><p>Poder\u00e1, a qualquer momento, opor-se ao envio de comunica\u00e7\u00e3o de marketing por parte da <em><strong>Jardim da Rua<\/strong><\/em>, utilizando o nosso formul\u00e1rio de contacto:<br \/>Assinale a op\u00e7\u00e3o \u201cN\u00e3o\u201d na \u201cDesejo subscrever o meu email na vossa base de dados para receber futuras informa\u00e7\u00f5es comerciais.\u201d, e escreva que n\u00e3o pretende marketing na linha de assunto e as informa\u00e7\u00f5es seguintes no corpo do e-mail:<\/p><ul><li>Nome completo<\/li><li>Endere\u00e7o de e-mail<\/li><\/ul>\t\t\t\t\t\t\t\t<\/div>\n\t\t\t\t<\/div>\n\t\t\t\t\t<\/div>\n\t\t\t\t<\/div>\n\t\t\t\t<\/div>\n\t\t","protected":false},"excerpt":{"rendered":"<p>Na Jardim da Rua, preocupamo-nos com a sua seguran\u00e7a e acreditamos na necessidade de proteger a privacidade das informa\u00e7\u00f5es pessoais que compartilha connosco. Para tal, todos os dias reunimos os esfor\u00e7os necess\u00e1rios para garantir a seguran\u00e7a do processo de compra, bem como a privacidade das informa\u00e7\u00f5es pessoais que nos fornece. Dom\u00ednio www.jardimdarua.pt O site www.jardimdarua.pt [&hellip;]<\/p>\n","protected":false},"author":2,"featured_media":0,"parent":0,"menu_order":0,"comment_status":"closed","ping_status":"closed","template":"","meta":{"footnotes":""},"class_list":["post-2613","page","type-page","status-publish","hentry"],"aioseo_notices":[],"_links":{"self":[{"href":"https:\/\/www.layoutcriativo.pt\/Projetos\/jardimdarua\/wp-json\/wp\/v2\/pages\/2613","targetHints":{"allow":["GET"]}}],"collection":[{"href":"https:\/\/www.layoutcriativo.pt\/Projetos\/jardimdarua\/wp-json\/wp\/v2\/pages"}],"about":[{"href":"https:\/\/www.layoutcriativo.pt\/Projetos\/jardimdarua\/wp-json\/wp\/v2\/types\/page"}],"author":[{"embeddable":true,"href":"https:\/\/www.layoutcriativo.pt\/Projetos\/jardimdarua\/wp-json\/wp\/v2\/users\/2"}],"replies":[{"embeddable":true,"href":"https:\/\/www.layoutcriativo.pt\/Projetos\/jardimdarua\/wp-json\/wp\/v2\/comments?post=2613"}],"version-history":[{"count":14,"href":"https:\/\/www.layoutcriativo.pt\/Projetos\/jardimdarua\/wp-json\/wp\/v2\/pages\/2613\/revisions"}],"predecessor-version":[{"id":3016,"href":"https:\/\/www.layoutcriativo.pt\/Projetos\/jardimdarua\/wp-json\/wp\/v2\/pages\/2613\/revisions\/3016"}],"wp:attachment":[{"href":"https:\/\/www.layoutcriativo.pt\/Projetos\/jardimdarua\/wp-json\/wp\/v2\/media?parent=2613"}],"curies":[{"name":"wp","href":"https:\/\/api.w.org\/{rel}","templated":true}]}}