{"id":3098,"date":"2025-11-03T16:37:29","date_gmt":"2025-11-03T16:37:29","guid":{"rendered":"https:\/\/www.layoutcriativo.pt\/Projetos\/jardimdarua\/?page_id=3098"},"modified":"2026-03-24T11:55:57","modified_gmt":"2026-03-24T11:55:57","slug":"jardins-naturais","status":"publish","type":"page","link":"https:\/\/www.layoutcriativo.pt\/Projetos\/jardimdarua\/portfolio\/jardins-naturais\/","title":{"rendered":"Jardins Naturais"},"content":{"rendered":"\t\t<div data-elementor-type=\"wp-page\" data-elementor-id=\"3098\" class=\"elementor elementor-3098\">\n\t\t\t\t<div class=\"elementor-element elementor-element-3812ae2 e-flex e-con-boxed e-con e-parent\" data-id=\"3812ae2\" data-element_type=\"container\" data-e-type=\"container\">\n\t\t\t\t\t<div class=\"e-con-inner\">\n\t\t<div class=\"elementor-element elementor-element-43bbb5f e-flex e-con-boxed e-con e-child\" data-id=\"43bbb5f\" data-element_type=\"container\" data-e-type=\"container\">\n\t\t\t\t\t<div class=\"e-con-inner\">\n\t\t<div class=\"elementor-element elementor-element-22a55e4 e-flex e-con-boxed e-con e-child\" data-id=\"22a55e4\" data-element_type=\"container\" data-e-type=\"container\">\n\t\t\t\t\t<div class=\"e-con-inner\">\n\t\t\t\t<div class=\"elementor-element elementor-element-e19cc5f elementor-widget elementor-widget-gardnma_section_title\" data-id=\"e19cc5f\" data-element_type=\"widget\" data-e-type=\"widget\" data-widget_type=\"gardnma_section_title.default\">\n\t\t\t\t<div class=\"elementor-widget-container\">\n\t\t\t\t\t\t\n\t\n\n\t\t\t\t\t\t<div class=\"sec-title style2 text-center\">\n\t\t\t\t\t\t\t\t\t<h2 class=\"sec-title__title\">Projetos de Jardins Naturais \u00e0 Medida<\/h2>\n\t\t\t\t\t<\/div>\n\t\t\t\t\n        \t\t\t\t<\/div>\n\t\t\t\t<\/div>\n\t\t\t\t<div class=\"elementor-element elementor-element-e10dce4 elementor-widget elementor-widget-text-editor\" data-id=\"e10dce4\" data-element_type=\"widget\" data-e-type=\"widget\" data-widget_type=\"text-editor.default\">\n\t\t\t\t<div class=\"elementor-widget-container\">\n\t\t\t\t\t\t\t\t\t<p>Explore exemplos reais de jardins naturais criados para integrar est\u00e9tica, conforto e sustentabilidade. Cada projeto \u00e9 pensado de acordo com o espa\u00e7o, clima e n\u00edvel de manuten\u00e7\u00e3o pretendido. Inspire-se e descubra o que podemos fazer pelo seu jardim.<\/p>\t\t\t\t\t\t\t\t<\/div>\n\t\t\t\t<\/div>\n\t\t<div class=\"elementor-element elementor-element-7baee29 e-con-full e-flex e-con e-child\" data-id=\"7baee29\" data-element_type=\"container\" data-e-type=\"container\">\n\t\t\t\t<div class=\"elementor-element elementor-element-4163298 elementor-widget elementor-widget-gardnma_button\" data-id=\"4163298\" data-element_type=\"widget\" data-e-type=\"widget\" data-widget_type=\"gardnma_button.default\">\n\t\t\t\t<div class=\"elementor-widget-container\">\n\t\t\t\t\t  \n                              \n\t<div class=\"btnwrap text-center\">\n\t<a class=\"thm-btn btn-style-one\" href=\"https:\/\/www.layoutcriativo.pt\/Projetos\/jardimdarua\/servicos\/\">\n\t\t<span class=\"txt\">Conhe\u00e7a os nossos servi\u00e7os<\/span>\n\t\t<i class=\"fa \"><\/i>\n\t<\/a><\/div>\n\n\n    \t\t\t\t<\/div>\n\t\t\t\t<\/div>\n\t\t\t\t<div class=\"elementor-element elementor-element-704d965 elementor-widget elementor-widget-gardnma_button\" data-id=\"704d965\" data-element_type=\"widget\" data-e-type=\"widget\" data-widget_type=\"gardnma_button.default\">\n\t\t\t\t<div class=\"elementor-widget-container\">\n\t\t\t\t\t  \n                              \n\t<div class=\"btnwrap text-center\">\n\t<a class=\"thm-btn btn-style-one\" href=\"https:\/\/www.layoutcriativo.pt\/Projetos\/jardimdarua\/contactos\/\">\n\t\t<span class=\"txt\">Fale connosco e transforme o seu jardim<\/span>\n\t\t<i class=\"fa \"><\/i>\n\t<\/a><\/div>\n\n\n    \t\t\t\t<\/div>\n\t\t\t\t<\/div>\n\t\t\t\t<\/div>\n\t\t<div class=\"elementor-element elementor-element-815882f e-con-full e-flex e-con e-child\" data-id=\"815882f\" data-element_type=\"container\" data-e-type=\"container\">\n\t\t\t\t<div class=\"elementor-element elementor-element-1753815 elementor-widget elementor-widget-gardnma_accordion_block\" data-id=\"1753815\" data-element_type=\"widget\" data-e-type=\"widget\" data-widget_type=\"gardnma_accordion_block.default\">\n\t\t\t\t<div class=\"elementor-widget-container\">\n\t\t\t\t\t\n\t\n\n\t\t<!--Start Faq One Accordion-->\n\t\t\n\t\t\t<div class=\"faq-two__accordion faq-two__accordion--services\">\n\t\t\t\t<ul class=\"accordion-box\">\n\t\t\t\t\t\t\t\t\t<li class=\"accordion block active-block\">\n\t\t\t\t\t\t<div class=\"acc-btn active\">\n\t\t\t\t\t\t\t<div class=\"icon-outer\">\n\t\t\t\t\t\t\t\t<i class=\"icon-up-arrow\"><\/i>\n\t\t\t\t\t\t\t<\/div>\n\t\t\t\t\t\t\t<h3>\n\t\t\t\t\t\t\t1. Quanto custa um jardim natural?\t\t\t\t\t\t\t<\/h3>\n\t\t\t\t\t\t<\/div>\n\t\t\t\t\t\t<div class=\"acc-content current\">\n\t\t\t\t\t\t\t<p>Depende da \u00e1rea e materiais.<\/p>\n\t\t\t\t\t\t<\/div>\n\t\t\t\t\t<\/li>\n\t\t\t\t\t\t\t\t\t\t<li class=\"accordion block \">\n\t\t\t\t\t\t<div class=\"acc-btn \">\n\t\t\t\t\t\t\t<div class=\"icon-outer\">\n\t\t\t\t\t\t\t\t<i class=\"icon-up-arrow\"><\/i>\n\t\t\t\t\t\t\t<\/div>\n\t\t\t\t\t\t\t<h3>\n\t\t\t\t\t\t\t2. Que plantas recomendam?\t\t\t\t\t\t\t<\/h3>\n\t\t\t\t\t\t<\/div>\n\t\t\t\t\t\t<div class=\"acc-content \">\n\t\t\t\t\t\t\t<p>Depende do clima e manuten\u00e7\u00e3o.<\/p>\n\t\t\t\t\t\t<\/div>\n\t\t\t\t\t<\/li>\n\t\t\t\t\t\t\t\t\t\t<li class=\"accordion block \">\n\t\t\t\t\t\t<div class=\"acc-btn \">\n\t\t\t\t\t\t\t<div class=\"icon-outer\">\n\t\t\t\t\t\t\t\t<i class=\"icon-up-arrow\"><\/i>\n\t\t\t\t\t\t\t<\/div>\n\t\t\t\t\t\t\t<h3>\n\t\t\t\t\t\t\t3. Precisa de muita manuten\u00e7\u00e3o?\t\t\t\t\t\t\t<\/h3>\n\t\t\t\t\t\t<\/div>\n\t\t\t\t\t\t<div class=\"acc-content \">\n\t\t\t\t\t\t\t<p>Depende do tipo de jardim.<\/p>\n\t\t\t\t\t\t<\/div>\n\t\t\t\t\t<\/li>\n\t\t\t\t\t\t\t\t\t\t<li class=\"accordion block \">\n\t\t\t\t\t\t<div class=\"acc-btn \">\n\t\t\t\t\t\t\t<div class=\"icon-outer\">\n\t\t\t\t\t\t\t\t<i class=\"icon-up-arrow\"><\/i>\n\t\t\t\t\t\t\t<\/div>\n\t\t\t\t\t\t\t<h3>\n\t\t\t\t\t\t\t4. Fazem rega autom\u00e1tica?\t\t\t\t\t\t\t<\/h3>\n\t\t\t\t\t\t<\/div>\n\t\t\t\t\t\t<div class=\"acc-content \">\n\t\t\t\t\t\t\t<p>Sim, inclu\u00edmos sistemas de rega.<\/p>\n\t\t\t\t\t\t<\/div>\n\t\t\t\t\t<\/li>\n\t\t\t\t\t\t\t\t\t\t<li class=\"accordion block \">\n\t\t\t\t\t\t<div class=\"acc-btn \">\n\t\t\t\t\t\t\t<div class=\"icon-outer\">\n\t\t\t\t\t\t\t\t<i class=\"icon-up-arrow\"><\/i>\n\t\t\t\t\t\t\t<\/div>\n\t\t\t\t\t\t\t<h3>\n\t\t\t\t\t\t\t5. Posso remodelar um jardim existente?\t\t\t\t\t\t\t<\/h3>\n\t\t\t\t\t\t<\/div>\n\t\t\t\t\t\t<div class=\"acc-content \">\n\t\t\t\t\t\t\t<p>Sim.<\/p>\n\t\t\t\t\t\t<\/div>\n\t\t\t\t\t<\/li>\n\t\t\t\t\t\t\t\t\t<\/ul>\n\t\t\t<\/div>\n\t\t\n\t\t<!--End Faq One Accordion-->\n               \n\n\n    \t\t\t\t<\/div>\n\t\t\t\t<\/div>\n\t\t\t\t<\/div>\n\t\t\t\t\t<\/div>\n\t\t\t\t<\/div>\n\t\t\t\t\t<\/div>\n\t\t\t\t<\/div>\n\t\t<div class=\"elementor-element elementor-element-095156d e-con-full e-flex e-con e-child\" data-id=\"095156d\" data-element_type=\"container\" data-e-type=\"container\">\n\t\t\t\t<div class=\"elementor-element elementor-element-fbd8ff9 elementor-widget elementor-widget-gardnma_project_block\" data-id=\"fbd8ff9\" data-element_type=\"widget\" data-e-type=\"widget\" data-widget_type=\"gardnma_project_block.default\">\n\t\t\t\t<div class=\"elementor-widget-container\">\n\t\t\t\t\t\t\t\n\t\t  <!--Start Projects One-->\n\t\t  <section class=\"projects-one projects-one--portfolio\">\n            <div class=\"container\">\n                <ul class=\"row filter-layout masonary-layout\">\n                     \n                        <li class=\"col-xl-4 col-lg-4 col-md-6 wow animated fadeInUp\" data-wow-delay=\"0.1s\">\n\t\t\t\t\t\t\t<div class=\"projects-one__single\">\n\t\t\t\t\t\t\t\t<div class=\"projects-one__single\">\n\t\t\t\t\t\t\t\t\t<div class=\"projects-one__single-img\"><img decoding=\"async\" src=\"https:\/\/www.layoutcriativo.pt\/Projetos\/jardimdarua\/wp-content\/uploads\/2025\/03\/jardimdarua-portfolio-projeto-6.3.jpg\" alt=\"Awesome Image\">\t\t\t\t\t\t\t\t\t\t<div class=\"btn-box\">\n\t\t\t\t\t\t\t\t\t\t\t<a href=\"https:\/\/www.layoutcriativo.pt\/Projetos\/jardimdarua\/portfolio\/jardins-naturais\/projeto-6\/\"><span class=\" icon-right-arrow-2\"><\/span><\/a>\n\t\t\t\t\t\t\t\t\t\t<\/div>\n\t\t\t\t\t\t\t\t\t\t<div class=\"overlay-content\">\n\t\t\t\t\t\t\t\t\t\t\t<span>Jardins Naturais<\/span>\n\t\t\t\t\t\t\t\t\t\t\t<h2><a href=\"https:\/\/www.layoutcriativo.pt\/Projetos\/jardimdarua\/portfolio\/jardins-naturais\/projeto-6\/\">Projeto 6 <\/a><\/h2>\n\t\t\t\t\t\t\t\t\t\t<\/div>\n\t\t\t\t\t\t\t\t\t<\/div>\n\t\t\t\t\t\t\t\t<\/div>\n\t\t\t\t\t\t\t<\/div>\n                        <\/li>\n\t\t\t\t\t \n                        <li class=\"col-xl-4 col-lg-4 col-md-6 wow animated fadeInUp\" data-wow-delay=\"0.1s\">\n\t\t\t\t\t\t\t<div class=\"projects-one__single\">\n\t\t\t\t\t\t\t\t<div class=\"projects-one__single\">\n\t\t\t\t\t\t\t\t\t<div class=\"projects-one__single-img\"><img decoding=\"async\" src=\"https:\/\/www.layoutcriativo.pt\/Projetos\/jardimdarua\/wp-content\/uploads\/2025\/03\/jardimdarua-portfolio-projeto-9.1.jpg\" alt=\"Awesome Image\">\t\t\t\t\t\t\t\t\t\t<div class=\"btn-box\">\n\t\t\t\t\t\t\t\t\t\t\t<a href=\"https:\/\/www.layoutcriativo.pt\/Projetos\/jardimdarua\/portfolio\/jardins-naturais\/projeto-9\/\"><span class=\" icon-right-arrow-2\"><\/span><\/a>\n\t\t\t\t\t\t\t\t\t\t<\/div>\n\t\t\t\t\t\t\t\t\t\t<div class=\"overlay-content\">\n\t\t\t\t\t\t\t\t\t\t\t<span>Jardins Naturais<\/span>\n\t\t\t\t\t\t\t\t\t\t\t<h2><a href=\"https:\/\/www.layoutcriativo.pt\/Projetos\/jardimdarua\/portfolio\/jardins-naturais\/projeto-9\/\">Projeto 9 <\/a><\/h2>\n\t\t\t\t\t\t\t\t\t\t<\/div>\n\t\t\t\t\t\t\t\t\t<\/div>\n\t\t\t\t\t\t\t\t<\/div>\n\t\t\t\t\t\t\t<\/div>\n                        <\/li>\n\t\t\t\t\t \n                        <li class=\"col-xl-4 col-lg-4 col-md-6 wow animated fadeInUp\" data-wow-delay=\"0.1s\">\n\t\t\t\t\t\t\t<div class=\"projects-one__single\">\n\t\t\t\t\t\t\t\t<div class=\"projects-one__single\">\n\t\t\t\t\t\t\t\t\t<div class=\"projects-one__single-img\"><img decoding=\"async\" src=\"https:\/\/www.layoutcriativo.pt\/Projetos\/jardimdarua\/wp-content\/uploads\/2025\/03\/jardimdarua-portfolio-projeto-10.1.jpg\" alt=\"Awesome Image\">\t\t\t\t\t\t\t\t\t\t<div class=\"btn-box\">\n\t\t\t\t\t\t\t\t\t\t\t<a href=\"https:\/\/www.layoutcriativo.pt\/Projetos\/jardimdarua\/portfolio\/jardins-naturais\/projeto-10\/\"><span class=\" icon-right-arrow-2\"><\/span><\/a>\n\t\t\t\t\t\t\t\t\t\t<\/div>\n\t\t\t\t\t\t\t\t\t\t<div class=\"overlay-content\">\n\t\t\t\t\t\t\t\t\t\t\t<span>Jardins Naturais<\/span>\n\t\t\t\t\t\t\t\t\t\t\t<h2><a href=\"https:\/\/www.layoutcriativo.pt\/Projetos\/jardimdarua\/portfolio\/jardins-naturais\/projeto-10\/\">Projeto 10 <\/a><\/h2>\n\t\t\t\t\t\t\t\t\t\t<\/div>\n\t\t\t\t\t\t\t\t\t<\/div>\n\t\t\t\t\t\t\t\t<\/div>\n\t\t\t\t\t\t\t<\/div>\n                        <\/li>\n\t\t\t\t\t \n                        <li class=\"col-xl-4 col-lg-4 col-md-6 wow animated fadeInUp\" data-wow-delay=\"0.1s\">\n\t\t\t\t\t\t\t<div class=\"projects-one__single\">\n\t\t\t\t\t\t\t\t<div class=\"projects-one__single\">\n\t\t\t\t\t\t\t\t\t<div class=\"projects-one__single-img\"><img decoding=\"async\" src=\"https:\/\/www.layoutcriativo.pt\/Projetos\/jardimdarua\/wp-content\/uploads\/2025\/03\/jardimdarua-portfolio-projeto-12.1.jpg\" alt=\"Awesome Image\">\t\t\t\t\t\t\t\t\t\t<div class=\"btn-box\">\n\t\t\t\t\t\t\t\t\t\t\t<a href=\"https:\/\/www.layoutcriativo.pt\/Projetos\/jardimdarua\/portfolio\/jardins-naturais\/projeto-12\/\"><span class=\" icon-right-arrow-2\"><\/span><\/a>\n\t\t\t\t\t\t\t\t\t\t<\/div>\n\t\t\t\t\t\t\t\t\t\t<div class=\"overlay-content\">\n\t\t\t\t\t\t\t\t\t\t\t<span>Jardins Naturais<\/span>\n\t\t\t\t\t\t\t\t\t\t\t<h2><a href=\"https:\/\/www.layoutcriativo.pt\/Projetos\/jardimdarua\/portfolio\/jardins-naturais\/projeto-12\/\">Projeto 12 <\/a><\/h2>\n\t\t\t\t\t\t\t\t\t\t<\/div>\n\t\t\t\t\t\t\t\t\t<\/div>\n\t\t\t\t\t\t\t\t<\/div>\n\t\t\t\t\t\t\t<\/div>\n                        <\/li>\n\t\t\t\t\t                <\/ul>\n            <\/div>\n        <\/section>\n        <!--End Projects One-->\n\n\n    \t\t\t\t<\/div>\n\t\t\t\t<\/div>\n\t\t\t\t<\/div>\n\t\t\t\t\t<\/div>\n\t\t\t\t<\/div>\n\t\t\t\t<\/div>\n\t\t","protected":false},"excerpt":{"rendered":"<p>Projetos de Jardins Naturais \u00e0 Medida Explore exemplos reais de jardins naturais criados para integrar est\u00e9tica, conforto e sustentabilidade. Cada projeto \u00e9 pensado de acordo com o espa\u00e7o, clima e n\u00edvel de manuten\u00e7\u00e3o pretendido. Inspire-se e descubra o que podemos fazer pelo seu jardim. Conhe\u00e7a os nossos servi\u00e7os Fale connosco e transforme o seu jardim [&hellip;]<\/p>\n","protected":false},"author":2,"featured_media":0,"parent":2625,"menu_order":0,"comment_status":"closed","ping_status":"closed","template":"tpl-default-elementor.php","meta":{"footnotes":""},"class_list":["post-3098","page","type-page","status-publish","hentry"],"aioseo_notices":[],"_links":{"self":[{"href":"https:\/\/www.layoutcriativo.pt\/Projetos\/jardimdarua\/wp-json\/wp\/v2\/pages\/3098","targetHints":{"allow":["GET"]}}],"collection":[{"href":"https:\/\/www.layoutcriativo.pt\/Projetos\/jardimdarua\/wp-json\/wp\/v2\/pages"}],"about":[{"href":"https:\/\/www.layoutcriativo.pt\/Projetos\/jardimdarua\/wp-json\/wp\/v2\/types\/page"}],"author":[{"embeddable":true,"href":"https:\/\/www.layoutcriativo.pt\/Projetos\/jardimdarua\/wp-json\/wp\/v2\/users\/2"}],"replies":[{"embeddable":true,"href":"https:\/\/www.layoutcriativo.pt\/Projetos\/jardimdarua\/wp-json\/wp\/v2\/comments?post=3098"}],"version-history":[{"count":15,"href":"https:\/\/www.layoutcriativo.pt\/Projetos\/jardimdarua\/wp-json\/wp\/v2\/pages\/3098\/revisions"}],"predecessor-version":[{"id":3397,"href":"https:\/\/www.layoutcriativo.pt\/Projetos\/jardimdarua\/wp-json\/wp\/v2\/pages\/3098\/revisions\/3397"}],"up":[{"embeddable":true,"href":"https:\/\/www.layoutcriativo.pt\/Projetos\/jardimdarua\/wp-json\/wp\/v2\/pages\/2625"}],"wp:attachment":[{"href":"https:\/\/www.layoutcriativo.pt\/Projetos\/jardimdarua\/wp-json\/wp\/v2\/media?parent=3098"}],"curies":[{"name":"wp","href":"https:\/\/api.w.org\/{rel}","templated":true}]}}