{"id":3100,"date":"2025-11-03T16:37:43","date_gmt":"2025-11-03T16:37:43","guid":{"rendered":"https:\/\/www.layoutcriativo.pt\/Projetos\/jardimdarua\/?page_id=3100"},"modified":"2026-03-24T12:02:26","modified_gmt":"2026-03-24T12:02:26","slug":"jardins-sinteticos","status":"publish","type":"page","link":"https:\/\/www.layoutcriativo.pt\/Projetos\/jardimdarua\/portfolio\/jardins-sinteticos\/","title":{"rendered":"Jardins Sint\u00e9ticos"},"content":{"rendered":"\t\t<div data-elementor-type=\"wp-page\" data-elementor-id=\"3100\" class=\"elementor elementor-3100\">\n\t\t\t\t<div class=\"elementor-element elementor-element-3812ae2 e-flex e-con-boxed e-con e-parent\" data-id=\"3812ae2\" data-element_type=\"container\" data-e-type=\"container\">\n\t\t\t\t\t<div class=\"e-con-inner\">\n\t\t<div class=\"elementor-element elementor-element-566aca7 e-con-full e-flex e-con e-child\" data-id=\"566aca7\" data-element_type=\"container\" data-e-type=\"container\">\n\t\t<div class=\"elementor-element elementor-element-cba719a e-flex e-con-boxed e-con e-child\" data-id=\"cba719a\" data-element_type=\"container\" data-e-type=\"container\">\n\t\t\t\t\t<div class=\"e-con-inner\">\n\t\t\t\t<div class=\"elementor-element elementor-element-b24e647 elementor-widget elementor-widget-gardnma_section_title\" data-id=\"b24e647\" data-element_type=\"widget\" data-e-type=\"widget\" data-widget_type=\"gardnma_section_title.default\">\n\t\t\t\t<div class=\"elementor-widget-container\">\n\t\t\t\t\t\t\n\t\n\n\t\t\t\t\t\t<div class=\"sec-title style2 text-center\">\n\t\t\t\t\t\t\t\t\t<h2 class=\"sec-title__title\">Projetos com Relva Sint\u00e9tica Realista e Dur\u00e1vel<\/h2>\n\t\t\t\t\t<\/div>\n\t\t\t\t\n        \t\t\t\t<\/div>\n\t\t\t\t<\/div>\n\t\t\t\t<div class=\"elementor-element elementor-element-9b5eb51 elementor-widget elementor-widget-text-editor\" data-id=\"9b5eb51\" data-element_type=\"widget\" data-e-type=\"widget\" data-widget_type=\"text-editor.default\">\n\t\t\t\t<div class=\"elementor-widget-container\">\n\t\t\t\t\t\t\t\t\t<p>Conhe\u00e7a aplica\u00e7\u00f5es de relva sint\u00e9tica que combinam apar\u00eancia natural com baixa manuten\u00e7\u00e3o. Solu\u00e7\u00f5es ideais para quem procura um espa\u00e7o sempre verde, funcional e f\u00e1cil de cuidar ao longo de todo o ano.<\/p>\t\t\t\t\t\t\t\t<\/div>\n\t\t\t\t<\/div>\n\t\t<div class=\"elementor-element elementor-element-22920b1 e-con-full e-flex e-con e-child\" data-id=\"22920b1\" data-element_type=\"container\" data-e-type=\"container\">\n\t\t\t\t<div class=\"elementor-element elementor-element-f2e2b7a elementor-widget elementor-widget-gardnma_button\" data-id=\"f2e2b7a\" data-element_type=\"widget\" data-e-type=\"widget\" data-widget_type=\"gardnma_button.default\">\n\t\t\t\t<div class=\"elementor-widget-container\">\n\t\t\t\t\t  \n                              \n\t<div class=\"btnwrap text-center\">\n\t<a class=\"thm-btn btn-style-one\" href=\"https:\/\/www.layoutcriativo.pt\/Projetos\/jardimdarua\/servicos\/\">\n\t\t<span class=\"txt\">Conhe\u00e7a os nossos servi\u00e7os<\/span>\n\t\t<i class=\"fa \"><\/i>\n\t<\/a><\/div>\n\n\n    \t\t\t\t<\/div>\n\t\t\t\t<\/div>\n\t\t\t\t<div class=\"elementor-element elementor-element-5a3ead2 elementor-widget elementor-widget-gardnma_button\" data-id=\"5a3ead2\" data-element_type=\"widget\" data-e-type=\"widget\" data-widget_type=\"gardnma_button.default\">\n\t\t\t\t<div class=\"elementor-widget-container\">\n\t\t\t\t\t  \n                              \n\t<div class=\"btnwrap text-center\">\n\t<a class=\"thm-btn btn-style-one\" href=\"https:\/\/www.layoutcriativo.pt\/Projetos\/jardimdarua\/contactos\/\">\n\t\t<span class=\"txt\">Fale connosco e transforme o seu jardim<\/span>\n\t\t<i class=\"fa \"><\/i>\n\t<\/a><\/div>\n\n\n    \t\t\t\t<\/div>\n\t\t\t\t<\/div>\n\t\t\t\t<\/div>\n\t\t<div class=\"elementor-element elementor-element-17c7e9e e-con-full e-flex e-con e-child\" data-id=\"17c7e9e\" data-element_type=\"container\" data-e-type=\"container\">\n\t\t\t\t<div class=\"elementor-element elementor-element-374a28c elementor-widget elementor-widget-gardnma_accordion_block\" data-id=\"374a28c\" data-element_type=\"widget\" data-e-type=\"widget\" data-widget_type=\"gardnma_accordion_block.default\">\n\t\t\t\t<div class=\"elementor-widget-container\">\n\t\t\t\t\t\n\t\n\n\t\t<!--Start Faq One Accordion-->\n\t\t\n\t\t\t<div class=\"faq-two__accordion faq-two__accordion--services\">\n\t\t\t\t<ul class=\"accordion-box\">\n\t\t\t\t\t\t\t\t\t<li class=\"accordion block active-block\">\n\t\t\t\t\t\t<div class=\"acc-btn active\">\n\t\t\t\t\t\t\t<div class=\"icon-outer\">\n\t\t\t\t\t\t\t\t<i class=\"icon-up-arrow\"><\/i>\n\t\t\t\t\t\t\t<\/div>\n\t\t\t\t\t\t\t<h3>\n\t\t\t\t\t\t\t1. A relva sint\u00e9tica parece natural?\t\t\t\t\t\t\t<\/h3>\n\t\t\t\t\t\t<\/div>\n\t\t\t\t\t\t<div class=\"acc-content current\">\n\t\t\t\t\t\t\t<p>Sim, existem op\u00e7\u00f5es muito realistas.<\/p>\n\t\t\t\t\t\t<\/div>\n\t\t\t\t\t<\/li>\n\t\t\t\t\t\t\t\t\t\t<li class=\"accordion block \">\n\t\t\t\t\t\t<div class=\"acc-btn \">\n\t\t\t\t\t\t\t<div class=\"icon-outer\">\n\t\t\t\t\t\t\t\t<i class=\"icon-up-arrow\"><\/i>\n\t\t\t\t\t\t\t<\/div>\n\t\t\t\t\t\t\t<h3>\n\t\t\t\t\t\t\t2. Quanto dura?\n\t\t\t\t\t\t\t<\/h3>\n\t\t\t\t\t\t<\/div>\n\t\t\t\t\t\t<div class=\"acc-content \">\n\t\t\t\t\t\t\t<p>Pode durar v\u00e1rios anos.<\/p>\n\t\t\t\t\t\t<\/div>\n\t\t\t\t\t<\/li>\n\t\t\t\t\t\t\t\t\t\t<li class=\"accordion block \">\n\t\t\t\t\t\t<div class=\"acc-btn \">\n\t\t\t\t\t\t\t<div class=\"icon-outer\">\n\t\t\t\t\t\t\t\t<i class=\"icon-up-arrow\"><\/i>\n\t\t\t\t\t\t\t<\/div>\n\t\t\t\t\t\t\t<h3>\n\t\t\t\t\t\t\t3. Precisa de manuten\u00e7\u00e3o?\t\t\t\t\t\t\t<\/h3>\n\t\t\t\t\t\t<\/div>\n\t\t\t\t\t\t<div class=\"acc-content \">\n\t\t\t\t\t\t\t<p>Muito reduzida.<\/p>\n\t\t\t\t\t\t<\/div>\n\t\t\t\t\t<\/li>\n\t\t\t\t\t\t\t\t\t\t<li class=\"accordion block \">\n\t\t\t\t\t\t<div class=\"acc-btn \">\n\t\t\t\t\t\t\t<div class=\"icon-outer\">\n\t\t\t\t\t\t\t\t<i class=\"icon-up-arrow\"><\/i>\n\t\t\t\t\t\t\t<\/div>\n\t\t\t\t\t\t\t<h3>\n\t\t\t\t\t\t\t4. \u00c9 adequada para animais?\t\t\t\t\t\t\t<\/h3>\n\t\t\t\t\t\t<\/div>\n\t\t\t\t\t\t<div class=\"acc-content \">\n\t\t\t\t\t\t\t<p>Sim.<\/p>\n\t\t\t\t\t\t<\/div>\n\t\t\t\t\t<\/li>\n\t\t\t\t\t\t\t\t\t\t<li class=\"accordion block \">\n\t\t\t\t\t\t<div class=\"acc-btn \">\n\t\t\t\t\t\t\t<div class=\"icon-outer\">\n\t\t\t\t\t\t\t\t<i class=\"icon-up-arrow\"><\/i>\n\t\t\t\t\t\t\t<\/div>\n\t\t\t\t\t\t\t<h3>\n\t\t\t\t\t\t\t5. Pode ser aplicada em qualquer superf\u00edcie?\t\t\t\t\t\t\t<\/h3>\n\t\t\t\t\t\t<\/div>\n\t\t\t\t\t\t<div class=\"acc-content \">\n\t\t\t\t\t\t\t<p>Na maioria dos casos, sim.<\/p>\n\t\t\t\t\t\t<\/div>\n\t\t\t\t\t<\/li>\n\t\t\t\t\t\t\t\t\t<\/ul>\n\t\t\t<\/div>\n\t\t\n\t\t<!--End Faq One Accordion-->\n               \n\n\n    \t\t\t\t<\/div>\n\t\t\t\t<\/div>\n\t\t\t\t<\/div>\n\t\t\t\t\t<\/div>\n\t\t\t\t<\/div>\n\t\t\t\t<\/div>\n\t\t<div class=\"elementor-element elementor-element-095156d e-con-full e-flex e-con e-child\" data-id=\"095156d\" data-element_type=\"container\" data-e-type=\"container\">\n\t\t\t\t<div class=\"elementor-element elementor-element-fbd8ff9 elementor-widget elementor-widget-gardnma_project_block\" data-id=\"fbd8ff9\" data-element_type=\"widget\" data-e-type=\"widget\" data-widget_type=\"gardnma_project_block.default\">\n\t\t\t\t<div class=\"elementor-widget-container\">\n\t\t\t\t\t\t\t\n\t\t  <!--Start Projects One-->\n\t\t  <section class=\"projects-one projects-one--portfolio\">\n            <div class=\"container\">\n                <ul class=\"row filter-layout masonary-layout\">\n                     \n                        <li class=\"col-xl-4 col-lg-4 col-md-6 wow animated fadeInUp\" data-wow-delay=\"0.1s\">\n\t\t\t\t\t\t\t<div class=\"projects-one__single\">\n\t\t\t\t\t\t\t\t<div class=\"projects-one__single\">\n\t\t\t\t\t\t\t\t\t<div class=\"projects-one__single-img\"><img decoding=\"async\" src=\"https:\/\/www.layoutcriativo.pt\/Projetos\/jardimdarua\/wp-content\/uploads\/2025\/03\/jardimdarua-portfolio-projeto-1.1.jpg\" alt=\"Awesome Image\">\t\t\t\t\t\t\t\t\t\t<div class=\"btn-box\">\n\t\t\t\t\t\t\t\t\t\t\t<a href=\"https:\/\/www.layoutcriativo.pt\/Projetos\/jardimdarua\/portfolio\/jardins-sinteticos\/projeto-1\/\"><span class=\" icon-right-arrow-2\"><\/span><\/a>\n\t\t\t\t\t\t\t\t\t\t<\/div>\n\t\t\t\t\t\t\t\t\t\t<div class=\"overlay-content\">\n\t\t\t\t\t\t\t\t\t\t\t<span>Jardins Sint\u00e9ticos<\/span>\n\t\t\t\t\t\t\t\t\t\t\t<h2><a href=\"https:\/\/www.layoutcriativo.pt\/Projetos\/jardimdarua\/portfolio\/jardins-sinteticos\/projeto-1\/\">Projeto 1 <\/a><\/h2>\n\t\t\t\t\t\t\t\t\t\t<\/div>\n\t\t\t\t\t\t\t\t\t<\/div>\n\t\t\t\t\t\t\t\t<\/div>\n\t\t\t\t\t\t\t<\/div>\n                        <\/li>\n\t\t\t\t\t \n                        <li class=\"col-xl-4 col-lg-4 col-md-6 wow animated fadeInUp\" data-wow-delay=\"0.1s\">\n\t\t\t\t\t\t\t<div class=\"projects-one__single\">\n\t\t\t\t\t\t\t\t<div class=\"projects-one__single mt40\">\n\t\t\t\t\t\t\t\t\t<div class=\"projects-one__single-img\"><img decoding=\"async\" src=\"https:\/\/www.layoutcriativo.pt\/Projetos\/jardimdarua\/wp-content\/uploads\/2025\/03\/jardimdarua-portfolio-projeto-2.1.jpg\" alt=\"Awesome Image\">\t\t\t\t\t\t\t\t\t\t<div class=\"btn-box\">\n\t\t\t\t\t\t\t\t\t\t\t<a href=\"https:\/\/www.layoutcriativo.pt\/Projetos\/jardimdarua\/portfolio\/jardins-sinteticos\/projeto-2\/\"><span class=\" icon-right-arrow-2\"><\/span><\/a>\n\t\t\t\t\t\t\t\t\t\t<\/div>\n\t\t\t\t\t\t\t\t\t\t<div class=\"overlay-content\">\n\t\t\t\t\t\t\t\t\t\t\t<span>Jardins Sint\u00e9ticos<\/span>\n\t\t\t\t\t\t\t\t\t\t\t<h2><a href=\"https:\/\/www.layoutcriativo.pt\/Projetos\/jardimdarua\/portfolio\/jardins-sinteticos\/projeto-2\/\">Projeto 2 <\/a><\/h2>\n\t\t\t\t\t\t\t\t\t\t<\/div>\n\t\t\t\t\t\t\t\t\t<\/div>\n\t\t\t\t\t\t\t\t<\/div>\n\t\t\t\t\t\t\t<\/div>\n                        <\/li>\n\t\t\t\t\t \n                        <li class=\"col-xl-4 col-lg-4 col-md-6 wow animated fadeInUp\" data-wow-delay=\"0.1s\">\n\t\t\t\t\t\t\t<div class=\"projects-one__single\">\n\t\t\t\t\t\t\t\t<div class=\"\">\n\t\t\t\t\t\t\t\t\t<div class=\"projects-one__single-img\"><img decoding=\"async\" src=\"https:\/\/www.layoutcriativo.pt\/Projetos\/jardimdarua\/wp-content\/uploads\/2025\/03\/jardimdarua-portfolio-projeto-3.12.jpg\" alt=\"Awesome Image\">\t\t\t\t\t\t\t\t\t\t<div class=\"btn-box\">\n\t\t\t\t\t\t\t\t\t\t\t<a href=\"https:\/\/www.layoutcriativo.pt\/Projetos\/jardimdarua\/portfolio\/jardins-sinteticos\/projeto-3\/\"><span class=\" icon-right-arrow-2\"><\/span><\/a>\n\t\t\t\t\t\t\t\t\t\t<\/div>\n\t\t\t\t\t\t\t\t\t\t<div class=\"overlay-content\">\n\t\t\t\t\t\t\t\t\t\t\t<span>Jardins Sint\u00e9ticos<\/span>\n\t\t\t\t\t\t\t\t\t\t\t<h2><a href=\"https:\/\/www.layoutcriativo.pt\/Projetos\/jardimdarua\/portfolio\/jardins-sinteticos\/projeto-3\/\">Projeto 3 <\/a><\/h2>\n\t\t\t\t\t\t\t\t\t\t<\/div>\n\t\t\t\t\t\t\t\t\t<\/div>\n\t\t\t\t\t\t\t\t<\/div>\n\t\t\t\t\t\t\t<\/div>\n                        <\/li>\n\t\t\t\t\t \n                        <li class=\"col-xl-4 col-lg-4 col-md-6 wow animated fadeInUp\" data-wow-delay=\"0.1s\">\n\t\t\t\t\t\t\t<div class=\"projects-one__single\">\n\t\t\t\t\t\t\t\t<div class=\"projects-one__single\">\n\t\t\t\t\t\t\t\t\t<div class=\"projects-one__single-img\"><img decoding=\"async\" src=\"https:\/\/www.layoutcriativo.pt\/Projetos\/jardimdarua\/wp-content\/uploads\/2025\/03\/jardimdarua-portfolio-projeto-4.4.jpg\" alt=\"Awesome Image\">\t\t\t\t\t\t\t\t\t\t<div class=\"btn-box\">\n\t\t\t\t\t\t\t\t\t\t\t<a href=\"https:\/\/www.layoutcriativo.pt\/Projetos\/jardimdarua\/portfolio\/jardins-sinteticos\/projeto-4\/\"><span class=\" icon-right-arrow-2\"><\/span><\/a>\n\t\t\t\t\t\t\t\t\t\t<\/div>\n\t\t\t\t\t\t\t\t\t\t<div class=\"overlay-content\">\n\t\t\t\t\t\t\t\t\t\t\t<span>Jardins Sint\u00e9ticos<\/span>\n\t\t\t\t\t\t\t\t\t\t\t<h2><a href=\"https:\/\/www.layoutcriativo.pt\/Projetos\/jardimdarua\/portfolio\/jardins-sinteticos\/projeto-4\/\">Projeto 4 <\/a><\/h2>\n\t\t\t\t\t\t\t\t\t\t<\/div>\n\t\t\t\t\t\t\t\t\t<\/div>\n\t\t\t\t\t\t\t\t<\/div>\n\t\t\t\t\t\t\t<\/div>\n                        <\/li>\n\t\t\t\t\t \n                        <li class=\"col-xl-4 col-lg-4 col-md-6 wow animated fadeInUp\" data-wow-delay=\"0.1s\">\n\t\t\t\t\t\t\t<div class=\"projects-one__single\">\n\t\t\t\t\t\t\t\t<div class=\"projects-one__single\">\n\t\t\t\t\t\t\t\t\t<div class=\"projects-one__single-img\"><img decoding=\"async\" src=\"https:\/\/www.layoutcriativo.pt\/Projetos\/jardimdarua\/wp-content\/uploads\/2025\/03\/jardimdarua-portfolio-projeto-5.3.jpg\" alt=\"Awesome Image\">\t\t\t\t\t\t\t\t\t\t<div class=\"btn-box\">\n\t\t\t\t\t\t\t\t\t\t\t<a href=\"https:\/\/www.layoutcriativo.pt\/Projetos\/jardimdarua\/portfolio\/jardins-sinteticos\/projeto-5\/\"><span class=\" icon-right-arrow-2\"><\/span><\/a>\n\t\t\t\t\t\t\t\t\t\t<\/div>\n\t\t\t\t\t\t\t\t\t\t<div class=\"overlay-content\">\n\t\t\t\t\t\t\t\t\t\t\t<span>Jardins Sint\u00e9ticos<\/span>\n\t\t\t\t\t\t\t\t\t\t\t<h2><a href=\"https:\/\/www.layoutcriativo.pt\/Projetos\/jardimdarua\/portfolio\/jardins-sinteticos\/projeto-5\/\">Projeto 5 <\/a><\/h2>\n\t\t\t\t\t\t\t\t\t\t<\/div>\n\t\t\t\t\t\t\t\t\t<\/div>\n\t\t\t\t\t\t\t\t<\/div>\n\t\t\t\t\t\t\t<\/div>\n                        <\/li>\n\t\t\t\t\t \n                        <li class=\"col-xl-4 col-lg-4 col-md-6 wow animated fadeInUp\" data-wow-delay=\"0.1s\">\n\t\t\t\t\t\t\t<div class=\"projects-one__single\">\n\t\t\t\t\t\t\t\t<div class=\"projects-one__single\">\n\t\t\t\t\t\t\t\t\t<div class=\"projects-one__single-img\"><img decoding=\"async\" src=\"https:\/\/www.layoutcriativo.pt\/Projetos\/jardimdarua\/wp-content\/uploads\/2025\/03\/jardimdarua-portfolio-projeto-7.7.jpg\" alt=\"Awesome Image\">\t\t\t\t\t\t\t\t\t\t<div class=\"btn-box\">\n\t\t\t\t\t\t\t\t\t\t\t<a href=\"https:\/\/www.layoutcriativo.pt\/Projetos\/jardimdarua\/portfolio\/jardins-sinteticos\/projeto-7\/\"><span class=\" icon-right-arrow-2\"><\/span><\/a>\n\t\t\t\t\t\t\t\t\t\t<\/div>\n\t\t\t\t\t\t\t\t\t\t<div class=\"overlay-content\">\n\t\t\t\t\t\t\t\t\t\t\t<span>Jardins Sint\u00e9ticos<\/span>\n\t\t\t\t\t\t\t\t\t\t\t<h2><a href=\"https:\/\/www.layoutcriativo.pt\/Projetos\/jardimdarua\/portfolio\/jardins-sinteticos\/projeto-7\/\">Projeto 7 <\/a><\/h2>\n\t\t\t\t\t\t\t\t\t\t<\/div>\n\t\t\t\t\t\t\t\t\t<\/div>\n\t\t\t\t\t\t\t\t<\/div>\n\t\t\t\t\t\t\t<\/div>\n                        <\/li>\n\t\t\t\t\t \n                        <li class=\"col-xl-4 col-lg-4 col-md-6 wow animated fadeInUp\" data-wow-delay=\"0.1s\">\n\t\t\t\t\t\t\t<div class=\"projects-one__single\">\n\t\t\t\t\t\t\t\t<div class=\"projects-one__single\">\n\t\t\t\t\t\t\t\t\t<div class=\"projects-one__single-img\"><img decoding=\"async\" src=\"https:\/\/www.layoutcriativo.pt\/Projetos\/jardimdarua\/wp-content\/uploads\/2025\/03\/jardimdarua-portfolio-projeto-8.1.jpg\" alt=\"Awesome Image\">\t\t\t\t\t\t\t\t\t\t<div class=\"btn-box\">\n\t\t\t\t\t\t\t\t\t\t\t<a href=\"https:\/\/www.layoutcriativo.pt\/Projetos\/jardimdarua\/portfolio\/jardins-sinteticos\/projeto-8\/\"><span class=\" icon-right-arrow-2\"><\/span><\/a>\n\t\t\t\t\t\t\t\t\t\t<\/div>\n\t\t\t\t\t\t\t\t\t\t<div class=\"overlay-content\">\n\t\t\t\t\t\t\t\t\t\t\t<span>Jardins Sint\u00e9ticos<\/span>\n\t\t\t\t\t\t\t\t\t\t\t<h2><a href=\"https:\/\/www.layoutcriativo.pt\/Projetos\/jardimdarua\/portfolio\/jardins-sinteticos\/projeto-8\/\">Projeto 8 <\/a><\/h2>\n\t\t\t\t\t\t\t\t\t\t<\/div>\n\t\t\t\t\t\t\t\t\t<\/div>\n\t\t\t\t\t\t\t\t<\/div>\n\t\t\t\t\t\t\t<\/div>\n                        <\/li>\n\t\t\t\t\t \n                        <li class=\"col-xl-4 col-lg-4 col-md-6 wow animated fadeInUp\" data-wow-delay=\"0.1s\">\n\t\t\t\t\t\t\t<div class=\"projects-one__single\">\n\t\t\t\t\t\t\t\t<div class=\"projects-one__single\">\n\t\t\t\t\t\t\t\t\t<div class=\"projects-one__single-img\"><img decoding=\"async\" src=\"https:\/\/www.layoutcriativo.pt\/Projetos\/jardimdarua\/wp-content\/uploads\/2025\/03\/jardimdarua-portfolio-projeto-11.1.jpg\" alt=\"Awesome Image\">\t\t\t\t\t\t\t\t\t\t<div class=\"btn-box\">\n\t\t\t\t\t\t\t\t\t\t\t<a href=\"https:\/\/www.layoutcriativo.pt\/Projetos\/jardimdarua\/portfolio\/jardins-sinteticos\/projeto-11\/\"><span class=\" icon-right-arrow-2\"><\/span><\/a>\n\t\t\t\t\t\t\t\t\t\t<\/div>\n\t\t\t\t\t\t\t\t\t\t<div class=\"overlay-content\">\n\t\t\t\t\t\t\t\t\t\t\t<span>Jardins Sint\u00e9ticos<\/span>\n\t\t\t\t\t\t\t\t\t\t\t<h2><a href=\"https:\/\/www.layoutcriativo.pt\/Projetos\/jardimdarua\/portfolio\/jardins-sinteticos\/projeto-11\/\">Projeto 11 <\/a><\/h2>\n\t\t\t\t\t\t\t\t\t\t<\/div>\n\t\t\t\t\t\t\t\t\t<\/div>\n\t\t\t\t\t\t\t\t<\/div>\n\t\t\t\t\t\t\t<\/div>\n                        <\/li>\n\t\t\t\t\t                <\/ul>\n            <\/div>\n        <\/section>\n        <!--End Projects One-->\n\n\n    \t\t\t\t<\/div>\n\t\t\t\t<\/div>\n\t\t\t\t<\/div>\n\t\t\t\t\t<\/div>\n\t\t\t\t<\/div>\n\t\t\t\t<\/div>\n\t\t","protected":false},"excerpt":{"rendered":"<p>Projetos com Relva Sint\u00e9tica Realista e Dur\u00e1vel Conhe\u00e7a aplica\u00e7\u00f5es de relva sint\u00e9tica que combinam apar\u00eancia natural com baixa manuten\u00e7\u00e3o. Solu\u00e7\u00f5es ideais para quem procura um espa\u00e7o sempre verde, funcional e f\u00e1cil de cuidar ao longo de todo o ano. Conhe\u00e7a os nossos servi\u00e7os Fale connosco e transforme o seu jardim 1. A relva sint\u00e9tica parece [&hellip;]<\/p>\n","protected":false},"author":2,"featured_media":0,"parent":2625,"menu_order":0,"comment_status":"closed","ping_status":"closed","template":"tpl-default-elementor.php","meta":{"footnotes":""},"class_list":["post-3100","page","type-page","status-publish","hentry"],"aioseo_notices":[],"_links":{"self":[{"href":"https:\/\/www.layoutcriativo.pt\/Projetos\/jardimdarua\/wp-json\/wp\/v2\/pages\/3100","targetHints":{"allow":["GET"]}}],"collection":[{"href":"https:\/\/www.layoutcriativo.pt\/Projetos\/jardimdarua\/wp-json\/wp\/v2\/pages"}],"about":[{"href":"https:\/\/www.layoutcriativo.pt\/Projetos\/jardimdarua\/wp-json\/wp\/v2\/types\/page"}],"author":[{"embeddable":true,"href":"https:\/\/www.layoutcriativo.pt\/Projetos\/jardimdarua\/wp-json\/wp\/v2\/users\/2"}],"replies":[{"embeddable":true,"href":"https:\/\/www.layoutcriativo.pt\/Projetos\/jardimdarua\/wp-json\/wp\/v2\/comments?post=3100"}],"version-history":[{"count":12,"href":"https:\/\/www.layoutcriativo.pt\/Projetos\/jardimdarua\/wp-json\/wp\/v2\/pages\/3100\/revisions"}],"predecessor-version":[{"id":3405,"href":"https:\/\/www.layoutcriativo.pt\/Projetos\/jardimdarua\/wp-json\/wp\/v2\/pages\/3100\/revisions\/3405"}],"up":[{"embeddable":true,"href":"https:\/\/www.layoutcriativo.pt\/Projetos\/jardimdarua\/wp-json\/wp\/v2\/pages\/2625"}],"wp:attachment":[{"href":"https:\/\/www.layoutcriativo.pt\/Projetos\/jardimdarua\/wp-json\/wp\/v2\/media?parent=3100"}],"curies":[{"name":"wp","href":"https:\/\/api.w.org\/{rel}","templated":true}]}}