{"id":3106,"date":"2025-11-03T16:39:06","date_gmt":"2025-11-03T16:39:06","guid":{"rendered":"https:\/\/www.layoutcriativo.pt\/Projetos\/jardimdarua\/?page_id=3106"},"modified":"2026-03-24T12:15:49","modified_gmt":"2026-03-24T12:15:49","slug":"artigos-de-jardinagem","status":"publish","type":"page","link":"https:\/\/www.layoutcriativo.pt\/Projetos\/jardimdarua\/portfolio\/artigos-de-jardinagem\/","title":{"rendered":"Artigos de Jardinagem"},"content":{"rendered":"\t\t<div data-elementor-type=\"wp-page\" data-elementor-id=\"3106\" class=\"elementor elementor-3106\">\n\t\t\t\t<div class=\"elementor-element elementor-element-3812ae2 e-flex e-con-boxed e-con e-parent\" data-id=\"3812ae2\" data-element_type=\"container\" data-e-type=\"container\">\n\t\t\t\t\t<div class=\"e-con-inner\">\n\t\t<div class=\"elementor-element elementor-element-88dc926 e-con-full e-flex e-con e-child\" data-id=\"88dc926\" data-element_type=\"container\" data-e-type=\"container\">\n\t\t<div class=\"elementor-element elementor-element-14cf686 e-flex e-con-boxed e-con e-child\" data-id=\"14cf686\" data-element_type=\"container\" data-e-type=\"container\">\n\t\t\t\t\t<div class=\"e-con-inner\">\n\t\t\t\t<div class=\"elementor-element elementor-element-5af112a elementor-widget elementor-widget-gardnma_section_title\" data-id=\"5af112a\" data-element_type=\"widget\" data-e-type=\"widget\" data-widget_type=\"gardnma_section_title.default\">\n\t\t\t\t<div class=\"elementor-widget-container\">\n\t\t\t\t\t\t\n\t\n\n\t\t\t\t\t\t<div class=\"sec-title style2 text-center\">\n\t\t\t\t\t\t\t\t\t<h2 class=\"sec-title__title\">Solu\u00e7\u00f5es e Equipamentos para o Seu Jardim<\/h2>\n\t\t\t\t\t<\/div>\n\t\t\t\t\n        \t\t\t\t<\/div>\n\t\t\t\t<\/div>\n\t\t\t\t<div class=\"elementor-element elementor-element-767eec8 elementor-widget elementor-widget-text-editor\" data-id=\"767eec8\" data-element_type=\"widget\" data-e-type=\"widget\" data-widget_type=\"text-editor.default\">\n\t\t\t\t<div class=\"elementor-widget-container\">\n\t\t\t\t\t\t\t\t\t<p>Conhe\u00e7a diferentes solu\u00e7\u00f5es e artigos que ajudam a manter o seu jardim sempre cuidado. Desde ferramentas a complementos decorativos, tudo pensado para melhorar a funcionalidade do espa\u00e7o.<\/p>\t\t\t\t\t\t\t\t<\/div>\n\t\t\t\t<\/div>\n\t\t<div class=\"elementor-element elementor-element-b60a161 e-con-full e-flex e-con e-child\" data-id=\"b60a161\" data-element_type=\"container\" data-e-type=\"container\">\n\t\t\t\t<div class=\"elementor-element elementor-element-eb2c0d3 elementor-widget elementor-widget-gardnma_button\" data-id=\"eb2c0d3\" data-element_type=\"widget\" data-e-type=\"widget\" data-widget_type=\"gardnma_button.default\">\n\t\t\t\t<div class=\"elementor-widget-container\">\n\t\t\t\t\t  \n                              \n\t<div class=\"btnwrap text-center\">\n\t<a class=\"thm-btn btn-style-one\" href=\"https:\/\/www.layoutcriativo.pt\/Projetos\/jardimdarua\/servicos\/\">\n\t\t<span class=\"txt\">Conhe\u00e7a os nossos servi\u00e7os<\/span>\n\t\t<i class=\"fa \"><\/i>\n\t<\/a><\/div>\n\n\n    \t\t\t\t<\/div>\n\t\t\t\t<\/div>\n\t\t\t\t<div class=\"elementor-element elementor-element-440ad66 elementor-widget elementor-widget-gardnma_button\" data-id=\"440ad66\" data-element_type=\"widget\" data-e-type=\"widget\" data-widget_type=\"gardnma_button.default\">\n\t\t\t\t<div class=\"elementor-widget-container\">\n\t\t\t\t\t  \n                              \n\t<div class=\"btnwrap text-center\">\n\t<a class=\"thm-btn btn-style-one\" href=\"https:\/\/www.layoutcriativo.pt\/Projetos\/jardimdarua\/contactos\/\">\n\t\t<span class=\"txt\">Fale connosco e transforme o seu jardim<\/span>\n\t\t<i class=\"fa \"><\/i>\n\t<\/a><\/div>\n\n\n    \t\t\t\t<\/div>\n\t\t\t\t<\/div>\n\t\t\t\t<\/div>\n\t\t<div class=\"elementor-element elementor-element-381d2c8 e-con-full e-flex e-con e-child\" data-id=\"381d2c8\" data-element_type=\"container\" data-e-type=\"container\">\n\t\t\t\t<div class=\"elementor-element elementor-element-2f97330 elementor-widget elementor-widget-gardnma_accordion_block\" data-id=\"2f97330\" data-element_type=\"widget\" data-e-type=\"widget\" data-widget_type=\"gardnma_accordion_block.default\">\n\t\t\t\t<div class=\"elementor-widget-container\">\n\t\t\t\t\t\n\t\n\n\t\t<!--Start Faq One Accordion-->\n\t\t\n\t\t\t<div class=\"faq-two__accordion faq-two__accordion--services\">\n\t\t\t\t<ul class=\"accordion-box\">\n\t\t\t\t\t\t\t\t\t<li class=\"accordion block active-block\">\n\t\t\t\t\t\t<div class=\"acc-btn active\">\n\t\t\t\t\t\t\t<div class=\"icon-outer\">\n\t\t\t\t\t\t\t\t<i class=\"icon-up-arrow\"><\/i>\n\t\t\t\t\t\t\t<\/div>\n\t\t\t\t\t\t\t<h3>\n\t\t\t\t\t\t\t1. Vendem ferramentas?\t\t\t\t\t\t\t<\/h3>\n\t\t\t\t\t\t<\/div>\n\t\t\t\t\t\t<div class=\"acc-content current\">\n\t\t\t\t\t\t\t<p>Sim.<\/p>\n\t\t\t\t\t\t<\/div>\n\t\t\t\t\t<\/li>\n\t\t\t\t\t\t\t\t\t\t<li class=\"accordion block \">\n\t\t\t\t\t\t<div class=\"acc-btn \">\n\t\t\t\t\t\t\t<div class=\"icon-outer\">\n\t\t\t\t\t\t\t\t<i class=\"icon-up-arrow\"><\/i>\n\t\t\t\t\t\t\t<\/div>\n\t\t\t\t\t\t\t<h3>\n\t\t\t\t\t\t\t2. Aconselham produtos?\t\t\t\t\t\t\t<\/h3>\n\t\t\t\t\t\t<\/div>\n\t\t\t\t\t\t<div class=\"acc-content \">\n\t\t\t\t\t\t\t<p>Sim.<\/p>\n\t\t\t\t\t\t<\/div>\n\t\t\t\t\t<\/li>\n\t\t\t\t\t\t\t\t\t\t<li class=\"accordion block \">\n\t\t\t\t\t\t<div class=\"acc-btn \">\n\t\t\t\t\t\t\t<div class=\"icon-outer\">\n\t\t\t\t\t\t\t\t<i class=\"icon-up-arrow\"><\/i>\n\t\t\t\t\t\t\t<\/div>\n\t\t\t\t\t\t\t<h3>\n\t\t\t\t\t\t\t3. Trabalham com marcas espec\u00edficas?\t\t\t\t\t\t\t<\/h3>\n\t\t\t\t\t\t<\/div>\n\t\t\t\t\t\t<div class=\"acc-content \">\n\t\t\t\t\t\t\t<p>Depende do produto.<\/p>\n\t\t\t\t\t\t<\/div>\n\t\t\t\t\t<\/li>\n\t\t\t\t\t\t\t\t\t\t<li class=\"accordion block \">\n\t\t\t\t\t\t<div class=\"acc-btn \">\n\t\t\t\t\t\t\t<div class=\"icon-outer\">\n\t\t\t\t\t\t\t\t<i class=\"icon-up-arrow\"><\/i>\n\t\t\t\t\t\t\t<\/div>\n\t\t\t\t\t\t\t<h3>\n\t\t\t\t\t\t\t4. Posso comprar online?\t\t\t\t\t\t\t<\/h3>\n\t\t\t\t\t\t<\/div>\n\t\t\t\t\t\t<div class=\"acc-content \">\n\t\t\t\t\t\t\t<p>Depende da disponibilidade.<\/p>\n\t\t\t\t\t\t<\/div>\n\t\t\t\t\t<\/li>\n\t\t\t\t\t\t\t\t\t\t<li class=\"accordion block \">\n\t\t\t\t\t\t<div class=\"acc-btn \">\n\t\t\t\t\t\t\t<div class=\"icon-outer\">\n\t\t\t\t\t\t\t\t<i class=\"icon-up-arrow\"><\/i>\n\t\t\t\t\t\t\t<\/div>\n\t\t\t\t\t\t\t<h3>\n\t\t\t\t\t\t\t5. Fazem entregas?\t\t\t\t\t\t\t<\/h3>\n\t\t\t\t\t\t<\/div>\n\t\t\t\t\t\t<div class=\"acc-content \">\n\t\t\t\t\t\t\t<p>Sim.<\/p>\n\t\t\t\t\t\t<\/div>\n\t\t\t\t\t<\/li>\n\t\t\t\t\t\t\t\t\t<\/ul>\n\t\t\t<\/div>\n\t\t\n\t\t<!--End Faq One Accordion-->\n               \n\n\n    \t\t\t\t<\/div>\n\t\t\t\t<\/div>\n\t\t\t\t<\/div>\n\t\t\t\t\t<\/div>\n\t\t\t\t<\/div>\n\t\t\t\t<\/div>\n\t\t<div class=\"elementor-element elementor-element-095156d e-con-full e-flex e-con e-child\" data-id=\"095156d\" data-element_type=\"container\" data-e-type=\"container\">\n\t\t\t\t<div class=\"elementor-element elementor-element-fbd8ff9 elementor-widget elementor-widget-gardnma_project_block\" data-id=\"fbd8ff9\" data-element_type=\"widget\" data-e-type=\"widget\" data-widget_type=\"gardnma_project_block.default\">\n\t\t\t\t<div class=\"elementor-widget-container\">\n\t\t\t\t\t\t\t\n\t\t  <!--Start Projects One-->\n\t\t  <section class=\"projects-one projects-one--portfolio\">\n            <div class=\"container\">\n                <ul class=\"row filter-layout masonary-layout\">\n                     \n                        <li class=\"col-xl-4 col-lg-4 col-md-6 wow animated fadeInUp\" data-wow-delay=\"0.1s\">\n\t\t\t\t\t\t\t<div class=\"projects-one__single\">\n\t\t\t\t\t\t\t\t<div class=\"projects-one__single\">\n\t\t\t\t\t\t\t\t\t<div class=\"projects-one__single-img\"><img decoding=\"async\" src=\"https:\/\/www.layoutcriativo.pt\/Projetos\/jardimdarua\/wp-content\/uploads\/2025\/03\/jardimdarua-portfolio-projeto-12.1.jpg\" alt=\"Awesome Image\">\t\t\t\t\t\t\t\t\t\t<div class=\"btn-box\">\n\t\t\t\t\t\t\t\t\t\t\t<a href=\"https:\/\/www.layoutcriativo.pt\/Projetos\/jardimdarua\/portfolio\/projeto-12\/\"><span class=\" icon-right-arrow-2\"><\/span><\/a>\n\t\t\t\t\t\t\t\t\t\t<\/div>\n\t\t\t\t\t\t\t\t\t\t<div class=\"overlay-content\">\n\t\t\t\t\t\t\t\t\t\t\t<span>Relva<\/span>\n\t\t\t\t\t\t\t\t\t\t\t<h2><a href=\"https:\/\/www.layoutcriativo.pt\/Projetos\/jardimdarua\/portfolio\/projeto-12\/\">Projeto 12 <\/a><\/h2>\n\t\t\t\t\t\t\t\t\t\t<\/div>\n\t\t\t\t\t\t\t\t\t<\/div>\n\t\t\t\t\t\t\t\t<\/div>\n\t\t\t\t\t\t\t<\/div>\n                        <\/li>\n\t\t\t\t\t                <\/ul>\n            <\/div>\n        <\/section>\n        <!--End Projects One-->\n\n\n    \t\t\t\t<\/div>\n\t\t\t\t<\/div>\n\t\t\t\t<\/div>\n\t\t\t\t\t<\/div>\n\t\t\t\t<\/div>\n\t\t\t\t<\/div>\n\t\t","protected":false},"excerpt":{"rendered":"<p>Solu\u00e7\u00f5es e Equipamentos para o Seu Jardim Conhe\u00e7a diferentes solu\u00e7\u00f5es e artigos que ajudam a manter o seu jardim sempre cuidado. Desde ferramentas a complementos decorativos, tudo pensado para melhorar a funcionalidade do espa\u00e7o. Conhe\u00e7a os nossos servi\u00e7os Fale connosco e transforme o seu jardim 1. Vendem ferramentas? Sim. 2. Aconselham produtos? Sim. 3. Trabalham [&hellip;]<\/p>\n","protected":false},"author":2,"featured_media":0,"parent":2625,"menu_order":0,"comment_status":"closed","ping_status":"closed","template":"tpl-default-elementor.php","meta":{"footnotes":""},"class_list":["post-3106","page","type-page","status-publish","hentry"],"aioseo_notices":[],"_links":{"self":[{"href":"https:\/\/www.layoutcriativo.pt\/Projetos\/jardimdarua\/wp-json\/wp\/v2\/pages\/3106","targetHints":{"allow":["GET"]}}],"collection":[{"href":"https:\/\/www.layoutcriativo.pt\/Projetos\/jardimdarua\/wp-json\/wp\/v2\/pages"}],"about":[{"href":"https:\/\/www.layoutcriativo.pt\/Projetos\/jardimdarua\/wp-json\/wp\/v2\/types\/page"}],"author":[{"embeddable":true,"href":"https:\/\/www.layoutcriativo.pt\/Projetos\/jardimdarua\/wp-json\/wp\/v2\/users\/2"}],"replies":[{"embeddable":true,"href":"https:\/\/www.layoutcriativo.pt\/Projetos\/jardimdarua\/wp-json\/wp\/v2\/comments?post=3106"}],"version-history":[{"count":10,"href":"https:\/\/www.layoutcriativo.pt\/Projetos\/jardimdarua\/wp-json\/wp\/v2\/pages\/3106\/revisions"}],"predecessor-version":[{"id":3418,"href":"https:\/\/www.layoutcriativo.pt\/Projetos\/jardimdarua\/wp-json\/wp\/v2\/pages\/3106\/revisions\/3418"}],"up":[{"embeddable":true,"href":"https:\/\/www.layoutcriativo.pt\/Projetos\/jardimdarua\/wp-json\/wp\/v2\/pages\/2625"}],"wp:attachment":[{"href":"https:\/\/www.layoutcriativo.pt\/Projetos\/jardimdarua\/wp-json\/wp\/v2\/media?parent=3106"}],"curies":[{"name":"wp","href":"https:\/\/api.w.org\/{rel}","templated":true}]}}