{"id":3339,"date":"2026-03-19T15:54:32","date_gmt":"2026-03-19T15:54:32","guid":{"rendered":"https:\/\/www.layoutcriativo.pt\/Projetos\/jardimdarua\/?page_id=3339"},"modified":"2026-03-19T16:21:14","modified_gmt":"2026-03-19T16:21:14","slug":"jardinagem","status":"publish","type":"page","link":"https:\/\/www.layoutcriativo.pt\/Projetos\/jardimdarua\/servicos\/jardinagem\/","title":{"rendered":"Jardinagem"},"content":{"rendered":"\t\t<div data-elementor-type=\"wp-page\" data-elementor-id=\"3339\" class=\"elementor elementor-3339\">\n\t\t\t\t<div class=\"elementor-element elementor-element-ae561a6 e-flex e-con-boxed e-con e-parent\" data-id=\"ae561a6\" data-element_type=\"container\" data-e-type=\"container\">\n\t\t\t\t\t<div class=\"e-con-inner\">\n\t\t<div class=\"elementor-element elementor-element-b5d7986 e-flex e-con-boxed e-con e-child\" data-id=\"b5d7986\" data-element_type=\"container\" data-e-type=\"container\">\n\t\t\t\t\t<div class=\"e-con-inner\">\n\t\t\t\t<div class=\"elementor-element elementor-element-ded5f5c elementor-widget elementor-widget-gardnma_section_title\" data-id=\"ded5f5c\" data-element_type=\"widget\" data-e-type=\"widget\" data-widget_type=\"gardnma_section_title.default\">\n\t\t\t\t<div class=\"elementor-widget-container\">\n\t\t\t\t\t\t\n\t\n\n\t\t\t\t\t\t<div class=\"sec-title style2 text-center\">\n\t\t\t\t\t\t\t\t\t<h2 class=\"sec-title__title\">Servi\u00e7os de Jardinagem<\/h2>\n\t\t\t\t\t<\/div>\n\t\t\t\t\n        \t\t\t\t<\/div>\n\t\t\t\t<\/div>\n\t\t\t\t<div class=\"elementor-element elementor-element-6d6bce5 elementor-widget elementor-widget-text-editor\" data-id=\"6d6bce5\" data-element_type=\"widget\" data-e-type=\"widget\" data-widget_type=\"text-editor.default\">\n\t\t\t\t<div class=\"elementor-widget-container\">\n\t\t\t\t\t\t\t\t\t<p><strong>Transformamos o seu espa\u00e7o exterior<\/strong><\/p><p>Criamos jardins funcionais, bonitos e adaptados ao seu estilo de vida. Desde pequenos espa\u00e7os at\u00e9 projetos completos, garantimos solu\u00e7\u00f5es duradouras e de f\u00e1cil manuten\u00e7\u00e3o.<\/p><p>Pe\u00e7a j\u00e1 o seu or\u00e7amento gratuito<\/p>\t\t\t\t\t\t\t\t<\/div>\n\t\t\t\t<\/div>\n\t\t\t\t<div class=\"elementor-element elementor-element-b537037 elementor-widget elementor-widget-spacer\" data-id=\"b537037\" data-element_type=\"widget\" data-e-type=\"widget\" data-widget_type=\"spacer.default\">\n\t\t\t\t<div class=\"elementor-widget-container\">\n\t\t\t\t\t\t\t<div class=\"elementor-spacer\">\n\t\t\t<div class=\"elementor-spacer-inner\"><\/div>\n\t\t<\/div>\n\t\t\t\t\t\t<\/div>\n\t\t\t\t<\/div>\n\t\t<div class=\"elementor-element elementor-element-a22183d e-con-full e-flex e-con e-child\" data-id=\"a22183d\" data-element_type=\"container\" data-e-type=\"container\">\n\t\t\t\t<div class=\"elementor-element elementor-element-b8611fb elementor-widget elementor-widget-text-editor\" data-id=\"b8611fb\" data-element_type=\"widget\" data-e-type=\"widget\" data-widget_type=\"text-editor.default\">\n\t\t\t\t<div class=\"elementor-widget-container\">\n\t\t\t\t\t\t\t\t\t<h2><strong>O que fazemos<\/strong><\/h2><p>\u00a0<\/p><ul><li>Cria\u00e7\u00e3o de jardins naturais<\/li><li>Aplica\u00e7\u00e3o de relva sint\u00e9tica<\/li><li>Planta\u00e7\u00e3o de \u00e1rvores e plantas<\/li><li>Sistemas de rega autom\u00e1tica<\/li><li>Manuten\u00e7\u00e3o de jardins<\/li><\/ul>\t\t\t\t\t\t\t\t<\/div>\n\t\t\t\t<\/div>\n\t\t\t\t<div class=\"elementor-element elementor-element-e5f52eb elementor-widget elementor-widget-text-editor\" data-id=\"e5f52eb\" data-element_type=\"widget\" data-e-type=\"widget\" data-widget_type=\"text-editor.default\">\n\t\t\t\t<div class=\"elementor-widget-container\">\n\t\t\t\t\t\t\t\t\t<h2><strong>Como funciona<\/strong><\/h2><p>\u00a0<\/p><ol><li>An\u00e1lise do espa\u00e7o<\/li><li>Defini\u00e7\u00e3o da solu\u00e7\u00e3o<\/li><li>Apresenta\u00e7\u00e3o de or\u00e7amento<\/li><li>Execu\u00e7\u00e3o do projeto<\/li><\/ol>\t\t\t\t\t\t\t\t<\/div>\n\t\t\t\t<\/div>\n\t\t\t\t<div class=\"elementor-element elementor-element-ac66ec3 elementor-widget elementor-widget-text-editor\" data-id=\"ac66ec3\" data-element_type=\"widget\" data-e-type=\"widget\" data-widget_type=\"text-editor.default\">\n\t\t\t\t<div class=\"elementor-widget-container\">\n\t\t\t\t\t\t\t\t\t<h2><strong>Vantagens<\/strong><\/h2><p>\u00a0<\/p><ul><li>Solu\u00e7\u00f5es \u00e0 medida<\/li><li>Materiais de qualidade<\/li><li>Baixa manuten\u00e7\u00e3o<\/li><li>Acompanhamento profissional<\/li><\/ul>\t\t\t\t\t\t\t\t<\/div>\n\t\t\t\t<\/div>\n\t\t\t\t<\/div>\n\t\t\t\t\t<\/div>\n\t\t\t\t<\/div>\n\t\t\t\t\t<\/div>\n\t\t\t\t<\/div>\n\t\t<div class=\"elementor-element elementor-element-9526d11 e-flex e-con-boxed e-con e-parent\" data-id=\"9526d11\" data-element_type=\"container\" data-e-type=\"container\">\n\t\t\t\t\t<div class=\"e-con-inner\">\n\t\t<div class=\"elementor-element elementor-element-4377589 e-con-full e-flex e-con e-child\" data-id=\"4377589\" data-element_type=\"container\" data-e-type=\"container\">\n\t\t\t\t<div class=\"elementor-element elementor-element-a426f78 elementor-widget elementor-widget-gardnma_button\" data-id=\"a426f78\" data-element_type=\"widget\" data-e-type=\"widget\" data-widget_type=\"gardnma_button.default\">\n\t\t\t\t<div class=\"elementor-widget-container\">\n\t\t\t\t\t  \n                              \n\t<div class=\"btnwrap text-center\">\n\t<a class=\"thm-btn btn-style-one\" href=\"https:\/\/www.layoutcriativo.pt\/Projetos\/jardimdarua\/contactos\/\">\n\t\t<span class=\"txt\">Fale connosco e transforme o seu jardim<\/span>\n\t\t<i class=\"fa \"><\/i>\n\t<\/a><\/div>\n\n\n    \t\t\t\t<\/div>\n\t\t\t\t<\/div>\n\t\t\t\t<div class=\"elementor-element elementor-element-f27924d portfolio_servico elementor-widget elementor-widget-gardnma_project_block\" data-id=\"f27924d\" data-element_type=\"widget\" data-e-type=\"widget\" data-widget_type=\"gardnma_project_block.default\">\n\t\t\t\t<div class=\"elementor-widget-container\">\n\t\t\t\t\t\t\t\n\t\t  <!--Start Projects One-->\n\t\t  <section class=\"projects-one projects-one--portfolio\">\n            <div class=\"container\">\n                <ul class=\"row filter-layout masonary-layout\">\n                     \n                        <li class=\"col-xl-4 col-lg-4 col-md-6 wow animated fadeInUp\" data-wow-delay=\"0.1s\">\n\t\t\t\t\t\t\t<div class=\"projects-one__single\">\n\t\t\t\t\t\t\t\t<div class=\"projects-one__single\">\n\t\t\t\t\t\t\t\t\t<div class=\"projects-one__single-img\"><img decoding=\"async\" src=\"https:\/\/www.layoutcriativo.pt\/Projetos\/jardimdarua\/wp-content\/uploads\/2025\/03\/jardimdarua-portfolio-projeto-6.3.jpg\" alt=\"Awesome Image\">\t\t\t\t\t\t\t\t\t\t<div class=\"btn-box\">\n\t\t\t\t\t\t\t\t\t\t\t<a href=\"https:\/\/www.layoutcriativo.pt\/Projetos\/jardimdarua\/portfolio\/jardins-naturais\/projeto-6\/\"><span class=\" icon-right-arrow-2\"><\/span><\/a>\n\t\t\t\t\t\t\t\t\t\t<\/div>\n\t\t\t\t\t\t\t\t\t\t<div class=\"overlay-content\">\n\t\t\t\t\t\t\t\t\t\t\t<span>Jardins Naturais<\/span>\n\t\t\t\t\t\t\t\t\t\t\t<h2><a href=\"https:\/\/www.layoutcriativo.pt\/Projetos\/jardimdarua\/portfolio\/jardins-naturais\/projeto-6\/\">Projeto 6 <\/a><\/h2>\n\t\t\t\t\t\t\t\t\t\t<\/div>\n\t\t\t\t\t\t\t\t\t<\/div>\n\t\t\t\t\t\t\t\t<\/div>\n\t\t\t\t\t\t\t<\/div>\n                        <\/li>\n\t\t\t\t\t \n                        <li class=\"col-xl-4 col-lg-4 col-md-6 wow animated fadeInUp\" data-wow-delay=\"0.1s\">\n\t\t\t\t\t\t\t<div class=\"projects-one__single\">\n\t\t\t\t\t\t\t\t<div class=\"projects-one__single\">\n\t\t\t\t\t\t\t\t\t<div class=\"projects-one__single-img\"><img decoding=\"async\" src=\"https:\/\/www.layoutcriativo.pt\/Projetos\/jardimdarua\/wp-content\/uploads\/2025\/03\/jardimdarua-portfolio-projeto-9.1.jpg\" alt=\"Awesome Image\">\t\t\t\t\t\t\t\t\t\t<div class=\"btn-box\">\n\t\t\t\t\t\t\t\t\t\t\t<a href=\"https:\/\/www.layoutcriativo.pt\/Projetos\/jardimdarua\/portfolio\/jardins-naturais\/projeto-9\/\"><span class=\" icon-right-arrow-2\"><\/span><\/a>\n\t\t\t\t\t\t\t\t\t\t<\/div>\n\t\t\t\t\t\t\t\t\t\t<div class=\"overlay-content\">\n\t\t\t\t\t\t\t\t\t\t\t<span>Jardins Naturais<\/span>\n\t\t\t\t\t\t\t\t\t\t\t<h2><a href=\"https:\/\/www.layoutcriativo.pt\/Projetos\/jardimdarua\/portfolio\/jardins-naturais\/projeto-9\/\">Projeto 9 <\/a><\/h2>\n\t\t\t\t\t\t\t\t\t\t<\/div>\n\t\t\t\t\t\t\t\t\t<\/div>\n\t\t\t\t\t\t\t\t<\/div>\n\t\t\t\t\t\t\t<\/div>\n                        <\/li>\n\t\t\t\t\t \n                        <li class=\"col-xl-4 col-lg-4 col-md-6 wow animated fadeInUp\" data-wow-delay=\"0.1s\">\n\t\t\t\t\t\t\t<div class=\"projects-one__single\">\n\t\t\t\t\t\t\t\t<div class=\"projects-one__single\">\n\t\t\t\t\t\t\t\t\t<div class=\"projects-one__single-img\"><img decoding=\"async\" src=\"https:\/\/www.layoutcriativo.pt\/Projetos\/jardimdarua\/wp-content\/uploads\/2025\/03\/jardimdarua-portfolio-projeto-10.1.jpg\" alt=\"Awesome Image\">\t\t\t\t\t\t\t\t\t\t<div class=\"btn-box\">\n\t\t\t\t\t\t\t\t\t\t\t<a href=\"https:\/\/www.layoutcriativo.pt\/Projetos\/jardimdarua\/portfolio\/jardins-naturais\/projeto-10\/\"><span class=\" icon-right-arrow-2\"><\/span><\/a>\n\t\t\t\t\t\t\t\t\t\t<\/div>\n\t\t\t\t\t\t\t\t\t\t<div class=\"overlay-content\">\n\t\t\t\t\t\t\t\t\t\t\t<span>Jardins Naturais<\/span>\n\t\t\t\t\t\t\t\t\t\t\t<h2><a href=\"https:\/\/www.layoutcriativo.pt\/Projetos\/jardimdarua\/portfolio\/jardins-naturais\/projeto-10\/\">Projeto 10 <\/a><\/h2>\n\t\t\t\t\t\t\t\t\t\t<\/div>\n\t\t\t\t\t\t\t\t\t<\/div>\n\t\t\t\t\t\t\t\t<\/div>\n\t\t\t\t\t\t\t<\/div>\n                        <\/li>\n\t\t\t\t\t \n                        <li class=\"col-xl-4 col-lg-4 col-md-6 wow animated fadeInUp\" data-wow-delay=\"0.1s\">\n\t\t\t\t\t\t\t<div class=\"projects-one__single\">\n\t\t\t\t\t\t\t\t<div class=\"projects-one__single\">\n\t\t\t\t\t\t\t\t\t<div class=\"projects-one__single-img\"><img decoding=\"async\" src=\"https:\/\/www.layoutcriativo.pt\/Projetos\/jardimdarua\/wp-content\/uploads\/2025\/03\/jardimdarua-portfolio-projeto-12.1.jpg\" alt=\"Awesome Image\">\t\t\t\t\t\t\t\t\t\t<div class=\"btn-box\">\n\t\t\t\t\t\t\t\t\t\t\t<a href=\"https:\/\/www.layoutcriativo.pt\/Projetos\/jardimdarua\/portfolio\/jardins-naturais\/projeto-12\/\"><span class=\" icon-right-arrow-2\"><\/span><\/a>\n\t\t\t\t\t\t\t\t\t\t<\/div>\n\t\t\t\t\t\t\t\t\t\t<div class=\"overlay-content\">\n\t\t\t\t\t\t\t\t\t\t\t<span>Jardins Naturais<\/span>\n\t\t\t\t\t\t\t\t\t\t\t<h2><a href=\"https:\/\/www.layoutcriativo.pt\/Projetos\/jardimdarua\/portfolio\/jardins-naturais\/projeto-12\/\">Projeto 12 <\/a><\/h2>\n\t\t\t\t\t\t\t\t\t\t<\/div>\n\t\t\t\t\t\t\t\t\t<\/div>\n\t\t\t\t\t\t\t\t<\/div>\n\t\t\t\t\t\t\t<\/div>\n                        <\/li>\n\t\t\t\t\t                <\/ul>\n            <\/div>\n        <\/section>\n        <!--End Projects One-->\n\n\n    \t\t\t\t<\/div>\n\t\t\t\t<\/div>\n\t\t\t\t<\/div>\n\t\t\t\t\t<\/div>\n\t\t\t\t<\/div>\n\t\t<div class=\"elementor-element elementor-element-a2bb0c4 e-flex e-con-boxed e-con e-parent\" data-id=\"a2bb0c4\" data-element_type=\"container\" data-e-type=\"container\">\n\t\t\t\t\t<div class=\"e-con-inner\">\n\t\t<div class=\"elementor-element elementor-element-5268931 e-con-full e-flex e-con e-child\" data-id=\"5268931\" data-element_type=\"container\" data-e-type=\"container\">\n\t\t\t\t<div class=\"elementor-element elementor-element-d2d6ccb elementor-widget elementor-widget-gardnma_accordion_block\" data-id=\"d2d6ccb\" data-element_type=\"widget\" data-e-type=\"widget\" data-widget_type=\"gardnma_accordion_block.default\">\n\t\t\t\t<div class=\"elementor-widget-container\">\n\t\t\t\t\t\n\t\n\n\t\t<!--Start Faq One Accordion-->\n\t\t\n\t\t\t<div class=\"faq-two__accordion faq-two__accordion--services\">\n\t\t\t\t<ul class=\"accordion-box\">\n\t\t\t\t\t\t\t\t\t<li class=\"accordion block active-block\">\n\t\t\t\t\t\t<div class=\"acc-btn active\">\n\t\t\t\t\t\t\t<div class=\"icon-outer\">\n\t\t\t\t\t\t\t\t<i class=\"icon-up-arrow\"><\/i>\n\t\t\t\t\t\t\t<\/div>\n\t\t\t\t\t\t\t<h3>\n\t\t\t\t\t\t\t1. Quanto custa um servi\u00e7o de jardinagem?\t\t\t\t\t\t\t<\/h3>\n\t\t\t\t\t\t<\/div>\n\t\t\t\t\t\t<div class=\"acc-content current\">\n\t\t\t\t\t\t\t<p>Depende da dimens\u00e3o e tipo de projeto. Cada caso \u00e9 analisado individualmente.<\/p>\n\t\t\t\t\t\t<\/div>\n\t\t\t\t\t<\/li>\n\t\t\t\t\t\t\t\t\t\t<li class=\"accordion block \">\n\t\t\t\t\t\t<div class=\"acc-btn \">\n\t\t\t\t\t\t\t<div class=\"icon-outer\">\n\t\t\t\t\t\t\t\t<i class=\"icon-up-arrow\"><\/i>\n\t\t\t\t\t\t\t<\/div>\n\t\t\t\t\t\t\t<h3>\n\t\t\t\t\t\t\t2. Fazem manuten\u00e7\u00e3o regular?\t\t\t\t\t\t\t<\/h3>\n\t\t\t\t\t\t<\/div>\n\t\t\t\t\t\t<div class=\"acc-content \">\n\t\t\t\t\t\t\t<p>Sim, com planos adaptados ao cliente.<\/p>\n\t\t\t\t\t\t<\/div>\n\t\t\t\t\t<\/li>\n\t\t\t\t\t\t\t\t\t\t<li class=\"accordion block \">\n\t\t\t\t\t\t<div class=\"acc-btn \">\n\t\t\t\t\t\t\t<div class=\"icon-outer\">\n\t\t\t\t\t\t\t\t<i class=\"icon-up-arrow\"><\/i>\n\t\t\t\t\t\t\t<\/div>\n\t\t\t\t\t\t\t<h3>\n\t\t\t\t\t\t\t3. Trabalham com relva sint\u00e9tica?\t\t\t\t\t\t\t<\/h3>\n\t\t\t\t\t\t<\/div>\n\t\t\t\t\t\t<div class=\"acc-content \">\n\t\t\t\t\t\t\t<p>Sim, com v\u00e1rias op\u00e7\u00f5es dispon\u00edveis.<\/p>\n\t\t\t\t\t\t<\/div>\n\t\t\t\t\t<\/li>\n\t\t\t\t\t\t\t\t\t\t<li class=\"accordion block \">\n\t\t\t\t\t\t<div class=\"acc-btn \">\n\t\t\t\t\t\t\t<div class=\"icon-outer\">\n\t\t\t\t\t\t\t\t<i class=\"icon-up-arrow\"><\/i>\n\t\t\t\t\t\t\t<\/div>\n\t\t\t\t\t\t\t<h3>\n\t\t\t\t\t\t\t4. Quanto tempo demora um jardim?\t\t\t\t\t\t\t<\/h3>\n\t\t\t\t\t\t<\/div>\n\t\t\t\t\t\t<div class=\"acc-content \">\n\t\t\t\t\t\t\t<p>Entre alguns dias a algumas semanas.<\/p>\n\t\t\t\t\t\t<\/div>\n\t\t\t\t\t<\/li>\n\t\t\t\t\t\t\t\t\t\t<li class=\"accordion block \">\n\t\t\t\t\t\t<div class=\"acc-btn \">\n\t\t\t\t\t\t\t<div class=\"icon-outer\">\n\t\t\t\t\t\t\t\t<i class=\"icon-up-arrow\"><\/i>\n\t\t\t\t\t\t\t<\/div>\n\t\t\t\t\t\t\t<h3>\n\t\t\t\t\t\t\t5. Posso pedir apenas aconselhamento?\t\t\t\t\t\t\t<\/h3>\n\t\t\t\t\t\t<\/div>\n\t\t\t\t\t\t<div class=\"acc-content \">\n\t\t\t\t\t\t\t<p>Sim, ajudamos a definir a melhor solu\u00e7\u00e3o.<\/p>\n\t\t\t\t\t\t<\/div>\n\t\t\t\t\t<\/li>\n\t\t\t\t\t\t\t\t\t<\/ul>\n\t\t\t<\/div>\n\t\t\n\t\t<!--End Faq One Accordion-->\n               \n\n\n    \t\t\t\t<\/div>\n\t\t\t\t<\/div>\n\t\t\t\t<div class=\"elementor-element elementor-element-167eed4 elementor-widget elementor-widget-spacer\" data-id=\"167eed4\" data-element_type=\"widget\" data-e-type=\"widget\" data-widget_type=\"spacer.default\">\n\t\t\t\t<div class=\"elementor-widget-container\">\n\t\t\t\t\t\t\t<div class=\"elementor-spacer\">\n\t\t\t<div class=\"elementor-spacer-inner\"><\/div>\n\t\t<\/div>\n\t\t\t\t\t\t<\/div>\n\t\t\t\t<\/div>\n\t\t\t\t<\/div>\n\t\t\t\t\t<\/div>\n\t\t\t\t<\/div>\n\t\t\t\t<\/div>\n\t\t","protected":false},"excerpt":{"rendered":"<p>Servi\u00e7os de Jardinagem Transformamos o seu espa\u00e7o exterior Criamos jardins funcionais, bonitos e adaptados ao seu estilo de vida. Desde pequenos espa\u00e7os at\u00e9 projetos completos, garantimos solu\u00e7\u00f5es duradouras e de f\u00e1cil manuten\u00e7\u00e3o. Pe\u00e7a j\u00e1 o seu or\u00e7amento gratuito O que fazemos \u00a0 Cria\u00e7\u00e3o de jardins naturais Aplica\u00e7\u00e3o de relva sint\u00e9tica Planta\u00e7\u00e3o de \u00e1rvores e plantas [&hellip;]<\/p>\n","protected":false},"author":2,"featured_media":0,"parent":2562,"menu_order":0,"comment_status":"closed","ping_status":"closed","template":"tpl-default-elementor.php","meta":{"footnotes":""},"class_list":["post-3339","page","type-page","status-publish","hentry"],"aioseo_notices":[],"_links":{"self":[{"href":"https:\/\/www.layoutcriativo.pt\/Projetos\/jardimdarua\/wp-json\/wp\/v2\/pages\/3339","targetHints":{"allow":["GET"]}}],"collection":[{"href":"https:\/\/www.layoutcriativo.pt\/Projetos\/jardimdarua\/wp-json\/wp\/v2\/pages"}],"about":[{"href":"https:\/\/www.layoutcriativo.pt\/Projetos\/jardimdarua\/wp-json\/wp\/v2\/types\/page"}],"author":[{"embeddable":true,"href":"https:\/\/www.layoutcriativo.pt\/Projetos\/jardimdarua\/wp-json\/wp\/v2\/users\/2"}],"replies":[{"embeddable":true,"href":"https:\/\/www.layoutcriativo.pt\/Projetos\/jardimdarua\/wp-json\/wp\/v2\/comments?post=3339"}],"version-history":[{"count":25,"href":"https:\/\/www.layoutcriativo.pt\/Projetos\/jardimdarua\/wp-json\/wp\/v2\/pages\/3339\/revisions"}],"predecessor-version":[{"id":3370,"href":"https:\/\/www.layoutcriativo.pt\/Projetos\/jardimdarua\/wp-json\/wp\/v2\/pages\/3339\/revisions\/3370"}],"up":[{"embeddable":true,"href":"https:\/\/www.layoutcriativo.pt\/Projetos\/jardimdarua\/wp-json\/wp\/v2\/pages\/2562"}],"wp:attachment":[{"href":"https:\/\/www.layoutcriativo.pt\/Projetos\/jardimdarua\/wp-json\/wp\/v2\/media?parent=3339"}],"curies":[{"name":"wp","href":"https:\/\/api.w.org\/{rel}","templated":true}]}}