{"id":3376,"date":"2026-03-24T11:29:58","date_gmt":"2026-03-24T11:29:58","guid":{"rendered":"https:\/\/www.layoutcriativo.pt\/Projetos\/jardimdarua\/?page_id=3376"},"modified":"2026-03-24T11:36:04","modified_gmt":"2026-03-24T11:36:04","slug":"florista","status":"publish","type":"page","link":"https:\/\/www.layoutcriativo.pt\/Projetos\/jardimdarua\/servicos\/florista\/","title":{"rendered":"Florista"},"content":{"rendered":"\t\t<div data-elementor-type=\"wp-page\" data-elementor-id=\"3376\" class=\"elementor elementor-3376\">\n\t\t\t\t<div class=\"elementor-element elementor-element-ae561a6 e-flex e-con-boxed e-con e-parent\" data-id=\"ae561a6\" data-element_type=\"container\" data-e-type=\"container\">\n\t\t\t\t\t<div class=\"e-con-inner\">\n\t\t<div class=\"elementor-element elementor-element-b5d7986 e-flex e-con-boxed e-con e-child\" data-id=\"b5d7986\" data-element_type=\"container\" data-e-type=\"container\">\n\t\t\t\t\t<div class=\"e-con-inner\">\n\t\t\t\t<div class=\"elementor-element elementor-element-ded5f5c elementor-widget elementor-widget-gardnma_section_title\" data-id=\"ded5f5c\" data-element_type=\"widget\" data-e-type=\"widget\" data-widget_type=\"gardnma_section_title.default\">\n\t\t\t\t<div class=\"elementor-widget-container\">\n\t\t\t\t\t\t\n\t\n\n\t\t\t\t\t\t<div class=\"sec-title style2 text-center\">\n\t\t\t\t\t\t\t\t\t<h2 class=\"sec-title__title\">Florista<\/h2>\n\t\t\t\t\t<\/div>\n\t\t\t\t\n        \t\t\t\t<\/div>\n\t\t\t\t<\/div>\n\t\t\t\t<div class=\"elementor-element elementor-element-6d6bce5 elementor-widget elementor-widget-text-editor\" data-id=\"6d6bce5\" data-element_type=\"widget\" data-e-type=\"widget\" data-widget_type=\"text-editor.default\">\n\t\t\t\t<div class=\"elementor-widget-container\">\n\t\t\t\t\t\t\t\t\t<p><strong>Flores que marcam momentos<\/strong><\/p><p>Criamos arranjos florais \u00fanicos para eventos, presentes e decora\u00e7\u00e3o. Trabalhamos com flores frescas e solu\u00e7\u00f5es personalizadas para cada ocasi\u00e3o.<\/p><p>Fa\u00e7a j\u00e1 a sua encomenda<\/p>\t\t\t\t\t\t\t\t<\/div>\n\t\t\t\t<\/div>\n\t\t\t\t<div class=\"elementor-element elementor-element-b537037 elementor-widget elementor-widget-spacer\" data-id=\"b537037\" data-element_type=\"widget\" data-e-type=\"widget\" data-widget_type=\"spacer.default\">\n\t\t\t\t<div class=\"elementor-widget-container\">\n\t\t\t\t\t\t\t<div class=\"elementor-spacer\">\n\t\t\t<div class=\"elementor-spacer-inner\"><\/div>\n\t\t<\/div>\n\t\t\t\t\t\t<\/div>\n\t\t\t\t<\/div>\n\t\t<div class=\"elementor-element elementor-element-a22183d e-con-full e-flex e-con e-child\" data-id=\"a22183d\" data-element_type=\"container\" data-e-type=\"container\">\n\t\t\t\t<div class=\"elementor-element elementor-element-b8611fb elementor-widget elementor-widget-text-editor\" data-id=\"b8611fb\" data-element_type=\"widget\" data-e-type=\"widget\" data-widget_type=\"text-editor.default\">\n\t\t\t\t<div class=\"elementor-widget-container\">\n\t\t\t\t\t\t\t\t\t<h2><strong>Servi\u00e7os de florista<\/strong><\/h2><p>\u00a0<\/p><ul><li>Ramos personalizados<\/li><li>Arranjos florais<\/li><li>Decora\u00e7\u00e3o com flores<\/li><li>Flores para eventos<\/li><\/ul>\t\t\t\t\t\t\t\t<\/div>\n\t\t\t\t<\/div>\n\t\t\t\t<div class=\"elementor-element elementor-element-e5f52eb elementor-widget elementor-widget-text-editor\" data-id=\"e5f52eb\" data-element_type=\"widget\" data-e-type=\"widget\" data-widget_type=\"text-editor.default\">\n\t\t\t\t<div class=\"elementor-widget-container\">\n\t\t\t\t\t\t\t\t\t<h2><strong>Para que ocasi\u00f5es<\/strong><\/h2><p>\u00a0<\/p><ol><li>Casamentos<\/li><li>Anivers\u00e1rios<\/li><li>Eventos empresariais<\/li><li>Datas especiais<\/li><\/ol>\t\t\t\t\t\t\t\t<\/div>\n\t\t\t\t<\/div>\n\t\t\t\t<div class=\"elementor-element elementor-element-ac66ec3 elementor-widget elementor-widget-text-editor\" data-id=\"ac66ec3\" data-element_type=\"widget\" data-e-type=\"widget\" data-widget_type=\"text-editor.default\">\n\t\t\t\t<div class=\"elementor-widget-container\">\n\t\t\t\t\t\t\t\t\t<h2><strong>O que nos diferencia<\/strong><\/h2><p>\u00a0<\/p><ul><li>Arranjos personalizados<\/li><li>Flores frescas<\/li><li>Design cuidado<\/li><li>Entrega r\u00e1pida<\/li><\/ul>\t\t\t\t\t\t\t\t<\/div>\n\t\t\t\t<\/div>\n\t\t\t\t<\/div>\n\t\t<div class=\"elementor-element elementor-element-35fc886 e-con-full e-flex e-con e-child\" data-id=\"35fc886\" data-element_type=\"container\" data-e-type=\"container\">\n\t\t\t\t<div class=\"elementor-element elementor-element-910282b elementor-widget elementor-widget-text-editor\" data-id=\"910282b\" data-element_type=\"widget\" data-e-type=\"widget\" data-widget_type=\"text-editor.default\">\n\t\t\t\t<div class=\"elementor-widget-container\">\n\t\t\t\t\t\t\t\t\t<h2><strong>Resumo r\u00e1pido<\/strong><\/h2><p>\u00a0<\/p><ol><li>Tipo de servi\u00e7o: Florista e arranjos<\/li><li>Personaliza\u00e7\u00e3o: Total<\/li><li>Entrega: Dispon\u00edvel<\/li><li>Utiliza\u00e7\u00e3o: Eventos e ofertas<\/li><\/ol>\t\t\t\t\t\t\t\t<\/div>\n\t\t\t\t<\/div>\n\t\t\t\t<\/div>\n\t\t\t\t\t<\/div>\n\t\t\t\t<\/div>\n\t\t\t\t\t<\/div>\n\t\t\t\t<\/div>\n\t\t<div class=\"elementor-element elementor-element-9526d11 e-flex e-con-boxed e-con e-parent\" data-id=\"9526d11\" data-element_type=\"container\" data-e-type=\"container\">\n\t\t\t\t\t<div class=\"e-con-inner\">\n\t\t<div class=\"elementor-element elementor-element-4377589 e-con-full e-flex e-con e-child\" data-id=\"4377589\" data-element_type=\"container\" data-e-type=\"container\">\n\t\t\t\t<div class=\"elementor-element elementor-element-a426f78 elementor-widget elementor-widget-gardnma_button\" data-id=\"a426f78\" data-element_type=\"widget\" data-e-type=\"widget\" data-widget_type=\"gardnma_button.default\">\n\t\t\t\t<div class=\"elementor-widget-container\">\n\t\t\t\t\t  \n                              \n\t<div class=\"btnwrap text-center\">\n\t<a class=\"thm-btn btn-style-one\" href=\"https:\/\/www.layoutcriativo.pt\/Projetos\/jardimdarua\/contactos\/\">\n\t\t<span class=\"txt\">Encomende flores personalizadas agora<\/span>\n\t\t<i class=\"fa \"><\/i>\n\t<\/a><\/div>\n\n\n    \t\t\t\t<\/div>\n\t\t\t\t<\/div>\n\t\t\t\t<div class=\"elementor-element elementor-element-f27924d portfolio_servico elementor-widget elementor-widget-gardnma_project_block\" data-id=\"f27924d\" data-element_type=\"widget\" data-e-type=\"widget\" data-widget_type=\"gardnma_project_block.default\">\n\t\t\t\t<div class=\"elementor-widget-container\">\n\t\t\t\t\t\t\t\n\t\t  <!--Start Projects One-->\n\t\t  <section class=\"projects-one projects-one--portfolio\">\n            <div class=\"container\">\n                <ul class=\"row filter-layout masonary-layout\">\n                     \n                        <li class=\"col-xl-4 col-lg-4 col-md-6 wow animated fadeInUp\" data-wow-delay=\"0.1s\">\n\t\t\t\t\t\t\t<div class=\"projects-one__single\">\n\t\t\t\t\t\t\t\t<div class=\"projects-one__single\">\n\t\t\t\t\t\t\t\t\t<div class=\"projects-one__single-img\"><img decoding=\"async\" src=\"https:\/\/www.layoutcriativo.pt\/Projetos\/jardimdarua\/wp-content\/uploads\/2025\/03\/jardimdarua-portfolio-projeto-12.1.jpg\" alt=\"Awesome Image\">\t\t\t\t\t\t\t\t\t\t<div class=\"btn-box\">\n\t\t\t\t\t\t\t\t\t\t\t<a href=\"https:\/\/www.layoutcriativo.pt\/Projetos\/jardimdarua\/portfolio\/jardins-naturais\/projeto-12\/\"><span class=\" icon-right-arrow-2\"><\/span><\/a>\n\t\t\t\t\t\t\t\t\t\t<\/div>\n\t\t\t\t\t\t\t\t\t\t<div class=\"overlay-content\">\n\t\t\t\t\t\t\t\t\t\t\t<span>Jardins Naturais<\/span>\n\t\t\t\t\t\t\t\t\t\t\t<h2><a href=\"https:\/\/www.layoutcriativo.pt\/Projetos\/jardimdarua\/portfolio\/jardins-naturais\/projeto-12\/\">Projeto 12 <\/a><\/h2>\n\t\t\t\t\t\t\t\t\t\t<\/div>\n\t\t\t\t\t\t\t\t\t<\/div>\n\t\t\t\t\t\t\t\t<\/div>\n\t\t\t\t\t\t\t<\/div>\n                        <\/li>\n\t\t\t\t\t                <\/ul>\n            <\/div>\n        <\/section>\n        <!--End Projects One-->\n\n\n    \t\t\t\t<\/div>\n\t\t\t\t<\/div>\n\t\t\t\t<\/div>\n\t\t\t\t\t<\/div>\n\t\t\t\t<\/div>\n\t\t<div class=\"elementor-element elementor-element-a2bb0c4 e-flex e-con-boxed e-con e-parent\" data-id=\"a2bb0c4\" data-element_type=\"container\" data-e-type=\"container\">\n\t\t\t\t\t<div class=\"e-con-inner\">\n\t\t<div class=\"elementor-element elementor-element-5268931 e-con-full e-flex e-con e-child\" data-id=\"5268931\" data-element_type=\"container\" data-e-type=\"container\">\n\t\t\t\t<div class=\"elementor-element elementor-element-d2d6ccb elementor-widget elementor-widget-gardnma_accordion_block\" data-id=\"d2d6ccb\" data-element_type=\"widget\" data-e-type=\"widget\" data-widget_type=\"gardnma_accordion_block.default\">\n\t\t\t\t<div class=\"elementor-widget-container\">\n\t\t\t\t\t\n\t\n\n\t\t<!--Start Faq One Accordion-->\n\t\t\n\t\t\t<div class=\"faq-two__accordion faq-two__accordion--services\">\n\t\t\t\t<ul class=\"accordion-box\">\n\t\t\t\t\t\t\t\t\t<li class=\"accordion block active-block\">\n\t\t\t\t\t\t<div class=\"acc-btn active\">\n\t\t\t\t\t\t\t<div class=\"icon-outer\">\n\t\t\t\t\t\t\t\t<i class=\"icon-up-arrow\"><\/i>\n\t\t\t\t\t\t\t<\/div>\n\t\t\t\t\t\t\t<h3>\n\t\t\t\t\t\t\t1. Fazem entregas ao domic\u00edlio?\t\t\t\t\t\t\t<\/h3>\n\t\t\t\t\t\t<\/div>\n\t\t\t\t\t\t<div class=\"acc-content current\">\n\t\t\t\t\t\t\t<p>Sim, mediante disponibilidade e localiza\u00e7\u00e3o.<\/p>\n\t\t\t\t\t\t<\/div>\n\t\t\t\t\t<\/li>\n\t\t\t\t\t\t\t\t\t\t<li class=\"accordion block \">\n\t\t\t\t\t\t<div class=\"acc-btn \">\n\t\t\t\t\t\t\t<div class=\"icon-outer\">\n\t\t\t\t\t\t\t\t<i class=\"icon-up-arrow\"><\/i>\n\t\t\t\t\t\t\t<\/div>\n\t\t\t\t\t\t\t<h3>\n\t\t\t\t\t\t\t2. Posso personalizar o arranjo?\t\t\t\t\t\t\t<\/h3>\n\t\t\t\t\t\t<\/div>\n\t\t\t\t\t\t<div class=\"acc-content \">\n\t\t\t\t\t\t\t<p>Sim, todos os arranjos s\u00e3o personalizados.<\/p>\n\t\t\t\t\t\t<\/div>\n\t\t\t\t\t<\/li>\n\t\t\t\t\t\t\t\t\t\t<li class=\"accordion block \">\n\t\t\t\t\t\t<div class=\"acc-btn \">\n\t\t\t\t\t\t\t<div class=\"icon-outer\">\n\t\t\t\t\t\t\t\t<i class=\"icon-up-arrow\"><\/i>\n\t\t\t\t\t\t\t<\/div>\n\t\t\t\t\t\t\t<h3>\n\t\t\t\t\t\t\t3. Trabalham com flores frescas?\t\t\t\t\t\t\t<\/h3>\n\t\t\t\t\t\t<\/div>\n\t\t\t\t\t\t<div class=\"acc-content \">\n\t\t\t\t\t\t\t<p>Sim, sempre que poss\u00edvel.<\/p>\n\t\t\t\t\t\t<\/div>\n\t\t\t\t\t<\/li>\n\t\t\t\t\t\t\t\t\t\t<li class=\"accordion block \">\n\t\t\t\t\t\t<div class=\"acc-btn \">\n\t\t\t\t\t\t\t<div class=\"icon-outer\">\n\t\t\t\t\t\t\t\t<i class=\"icon-up-arrow\"><\/i>\n\t\t\t\t\t\t\t<\/div>\n\t\t\t\t\t\t\t<h3>\n\t\t\t\t\t\t\t4. Fazem flores para eventos?\t\t\t\t\t\t\t<\/h3>\n\t\t\t\t\t\t<\/div>\n\t\t\t\t\t\t<div class=\"acc-content \">\n\t\t\t\t\t\t\t<p>Sim, para todo o tipo de eventos.<\/p>\n\t\t\t\t\t\t<\/div>\n\t\t\t\t\t<\/li>\n\t\t\t\t\t\t\t\t\t\t<li class=\"accordion block \">\n\t\t\t\t\t\t<div class=\"acc-btn \">\n\t\t\t\t\t\t\t<div class=\"icon-outer\">\n\t\t\t\t\t\t\t\t<i class=\"icon-up-arrow\"><\/i>\n\t\t\t\t\t\t\t<\/div>\n\t\t\t\t\t\t\t<h3>\n\t\t\t\t\t\t\t5. Quanto custa um arranjo floral?\t\t\t\t\t\t\t<\/h3>\n\t\t\t\t\t\t<\/div>\n\t\t\t\t\t\t<div class=\"acc-content \">\n\t\t\t\t\t\t\t<p>Depende do tamanho e tipo de flores.<\/p>\n\t\t\t\t\t\t<\/div>\n\t\t\t\t\t<\/li>\n\t\t\t\t\t\t\t\t\t<\/ul>\n\t\t\t<\/div>\n\t\t\n\t\t<!--End Faq One Accordion-->\n               \n\n\n    \t\t\t\t<\/div>\n\t\t\t\t<\/div>\n\t\t\t\t<div class=\"elementor-element elementor-element-167eed4 elementor-widget elementor-widget-spacer\" data-id=\"167eed4\" data-element_type=\"widget\" data-e-type=\"widget\" data-widget_type=\"spacer.default\">\n\t\t\t\t<div class=\"elementor-widget-container\">\n\t\t\t\t\t\t\t<div class=\"elementor-spacer\">\n\t\t\t<div class=\"elementor-spacer-inner\"><\/div>\n\t\t<\/div>\n\t\t\t\t\t\t<\/div>\n\t\t\t\t<\/div>\n\t\t\t\t<\/div>\n\t\t\t\t\t<\/div>\n\t\t\t\t<\/div>\n\t\t\t\t<\/div>\n\t\t","protected":false},"excerpt":{"rendered":"<p>Florista Flores que marcam momentos Criamos arranjos florais \u00fanicos para eventos, presentes e decora\u00e7\u00e3o. Trabalhamos com flores frescas e solu\u00e7\u00f5es personalizadas para cada ocasi\u00e3o. Fa\u00e7a j\u00e1 a sua encomenda Servi\u00e7os de florista \u00a0 Ramos personalizados Arranjos florais Decora\u00e7\u00e3o com flores Flores para eventos Para que ocasi\u00f5es \u00a0 Casamentos Anivers\u00e1rios Eventos empresariais Datas especiais O que [&hellip;]<\/p>\n","protected":false},"author":2,"featured_media":0,"parent":2562,"menu_order":0,"comment_status":"closed","ping_status":"closed","template":"tpl-default-elementor.php","meta":{"footnotes":""},"class_list":["post-3376","page","type-page","status-publish","hentry"],"aioseo_notices":[],"_links":{"self":[{"href":"https:\/\/www.layoutcriativo.pt\/Projetos\/jardimdarua\/wp-json\/wp\/v2\/pages\/3376","targetHints":{"allow":["GET"]}}],"collection":[{"href":"https:\/\/www.layoutcriativo.pt\/Projetos\/jardimdarua\/wp-json\/wp\/v2\/pages"}],"about":[{"href":"https:\/\/www.layoutcriativo.pt\/Projetos\/jardimdarua\/wp-json\/wp\/v2\/types\/page"}],"author":[{"embeddable":true,"href":"https:\/\/www.layoutcriativo.pt\/Projetos\/jardimdarua\/wp-json\/wp\/v2\/users\/2"}],"replies":[{"embeddable":true,"href":"https:\/\/www.layoutcriativo.pt\/Projetos\/jardimdarua\/wp-json\/wp\/v2\/comments?post=3376"}],"version-history":[{"count":4,"href":"https:\/\/www.layoutcriativo.pt\/Projetos\/jardimdarua\/wp-json\/wp\/v2\/pages\/3376\/revisions"}],"predecessor-version":[{"id":3380,"href":"https:\/\/www.layoutcriativo.pt\/Projetos\/jardimdarua\/wp-json\/wp\/v2\/pages\/3376\/revisions\/3380"}],"up":[{"embeddable":true,"href":"https:\/\/www.layoutcriativo.pt\/Projetos\/jardimdarua\/wp-json\/wp\/v2\/pages\/2562"}],"wp:attachment":[{"href":"https:\/\/www.layoutcriativo.pt\/Projetos\/jardimdarua\/wp-json\/wp\/v2\/media?parent=3376"}],"curies":[{"name":"wp","href":"https:\/\/api.w.org\/{rel}","templated":true}]}}